{"id":16838,"date":"2020-07-20T14:39:34","date_gmt":"2020-07-20T14:39:34","guid":{"rendered":"http:\/\/roigk.de\/produkt\/malette-de-secours-durgence-standard-r771015\/"},"modified":"2026-01-21T08:37:02","modified_gmt":"2026-01-21T08:37:02","slug":"malette-de-secours-durgence-standard-r771015","status":"publish","type":"product","link":"https:\/\/roigk.de\/fr\/malette-de-secours-durgence-standard-r771015\/","title":{"rendered":"Malette de secours d&rsquo;urgence Standard R771015"},"content":{"rendered":"","protected":false},"excerpt":{"rendered":"<p>Equipement complet en cas d&#8217;urgence respiratoire et cardio-circulatoire, tout le mat\u00e9riel de premiers secours et l&#8217;\u00e9quipement m\u00e9dical d&#8217;urgence n\u00e9cessaires sont dispos\u00e9s et prot\u00e9g\u00e9s.<\/p>\n<p>Ampoule amovible \u00e0 code couleur pour 18 ampoules, pour bouteille d&#8217;oxyg\u00e8ne (DIN) jusqu&#8217;\u00e0 0,8 litre.<\/p>\n<p>Mat\u00e9riau : aluminium, anodis\u00e9 l\u00e9ger<br \/>conception de l&#8217;arbre <br \/>Dimensions de base : 520 x 180 x 320 mm <br \/>Dimensions du rack : 525 x 185 x 350 mm<\/p>\n","protected":false},"featured_media":10068,"template":"","meta":{"_acf_changed":false},"product_brand":[],"product_cat":[154],"product_tag":[],"class_list":{"0":"post-16838","1":"product","2":"type-product","3":"status-publish","4":"has-post-thumbnail","6":"product_cat-materiel-de-secours-equipements-de-salle-de-premiers-secours-et-signalisation","8":"first","9":"instock","10":"taxable","11":"shipping-taxable","12":"purchasable","13":"product-type-simple"},"acf":[],"_links":{"self":[{"href":"https:\/\/roigk.de\/fr\/wp-json\/wp\/v2\/product\/16838","targetHints":{"allow":["GET"]}}],"collection":[{"href":"https:\/\/roigk.de\/fr\/wp-json\/wp\/v2\/product"}],"about":[{"href":"https:\/\/roigk.de\/fr\/wp-json\/wp\/v2\/types\/product"}],"wp:featuredmedia":[{"embeddable":true,"href":"https:\/\/roigk.de\/fr\/wp-json\/wp\/v2\/media\/10068"}],"wp:attachment":[{"href":"https:\/\/roigk.de\/fr\/wp-json\/wp\/v2\/media?parent=16838"}],"wp:term":[{"taxonomy":"product_brand","embeddable":true,"href":"https:\/\/roigk.de\/fr\/wp-json\/wp\/v2\/product_brand?post=16838"},{"taxonomy":"product_cat","embeddable":true,"href":"https:\/\/roigk.de\/fr\/wp-json\/wp\/v2\/product_cat?post=16838"},{"taxonomy":"product_tag","embeddable":true,"href":"https:\/\/roigk.de\/fr\/wp-json\/wp\/v2\/product_tag?post=16838"}],"curies":[{"name":"wp","href":"https:\/\/api.w.org\/{rel}","templated":true}]}}