{"id":16840,"date":"2020-07-20T14:41:18","date_gmt":"2020-07-20T14:41:18","guid":{"rendered":"http:\/\/roigk.de\/produkt\/oxy-araignee-aquatique-parapluie-r201415-10\/"},"modified":"2026-01-21T08:37:17","modified_gmt":"2026-01-21T08:37:17","slug":"oxy-araignee-aquatique-parapluie-r201415-10","status":"publish","type":"product","link":"https:\/\/roigk.de\/fr\/oxy-araignee-aquatique-parapluie-r201415-10\/","title":{"rendered":"OXY Araign\u00e9e d&rsquo;eau R201415-10"},"content":{"rendered":"","protected":false},"excerpt":{"rendered":"<p>Cette bulle tourne \u00e0 360 degr\u00e9s et projette de nombreux jets d&#8217;eau. En faisant tourner la colonne, on obtient un \u00e9cran d&#8217;eau en forme de spirale.<\/p>\n<p>Hauteur : 1.950 ou 2.700 mm<br \/>Angle de pulv\u00e9risation : 360 degr\u00e9s \u00e0 l&#8217;horizontale (sans arr\u00eat)<br \/>Quantit\u00e9 d&#8217;eau : 30 \u00e0 70 l\/min<br \/>Pression de l&#8217;eau : 0,15 \u00e0 0,3 bar (pour une faible hauteur de chute)<br \/>Groupe cible : enfants et jeunes<br \/>Positionnement : aires de jeux aquatiques, bassin pour enfants ou bassin d&#8217;attraction<br \/>Mat\u00e9riau : acier inoxydable V4A (1.4571), verre color\u00e9<\/p>\n","protected":false},"featured_media":28926,"template":"","meta":{"_acf_changed":false},"product_brand":[],"product_cat":[173],"product_tag":[],"class_list":{"0":"post-16840","1":"product","2":"type-product","3":"status-publish","4":"has-post-thumbnail","6":"product_cat-oxy-un-veritable-plaisir-aquatique","8":"first","9":"instock","10":"taxable","11":"shipping-taxable","12":"purchasable","13":"product-type-simple"},"acf":[],"_links":{"self":[{"href":"https:\/\/roigk.de\/fr\/wp-json\/wp\/v2\/product\/16840","targetHints":{"allow":["GET"]}}],"collection":[{"href":"https:\/\/roigk.de\/fr\/wp-json\/wp\/v2\/product"}],"about":[{"href":"https:\/\/roigk.de\/fr\/wp-json\/wp\/v2\/types\/product"}],"wp:featuredmedia":[{"embeddable":true,"href":"https:\/\/roigk.de\/fr\/wp-json\/wp\/v2\/media\/28926"}],"wp:attachment":[{"href":"https:\/\/roigk.de\/fr\/wp-json\/wp\/v2\/media?parent=16840"}],"wp:term":[{"taxonomy":"product_brand","embeddable":true,"href":"https:\/\/roigk.de\/fr\/wp-json\/wp\/v2\/product_brand?post=16840"},{"taxonomy":"product_cat","embeddable":true,"href":"https:\/\/roigk.de\/fr\/wp-json\/wp\/v2\/product_cat?post=16840"},{"taxonomy":"product_tag","embeddable":true,"href":"https:\/\/roigk.de\/fr\/wp-json\/wp\/v2\/product_tag?post=16840"}],"curies":[{"name":"wp","href":"https:\/\/api.w.org\/{rel}","templated":true}]}}