{"id":16842,"date":"2020-07-20T14:37:20","date_gmt":"2020-07-20T14:37:20","guid":{"rendered":"http:\/\/roigk.de\/produkt\/oxy-meduse-balle-dansante-r201411-10\/"},"modified":"2026-01-21T08:37:28","modified_gmt":"2026-01-21T08:37:28","slug":"oxy-meduse-balle-dansante-r201411-10","status":"publish","type":"product","link":"https:\/\/roigk.de\/fr\/oxy-meduse-balle-dansante-r201411-10\/","title":{"rendered":"OXY M\u00e9duse dansante (ballon dansant) R201411-10"},"content":{"rendered":"","protected":false},"excerpt":{"rendered":"<p>Une buse centrale \u00e0 bille et deux petites autres buses cr\u00e9\u00e9ent un jeu d&#8217;eau. Maintenez les buses ext\u00e9rieures ferm\u00e9es et d\u00e9couvrez comment la boule se d\u00e9place sur l&#8217;eau ou comment la hauteur du jet de la fontaine change. Dans les deux cas, vous serez trempez !<\/p>\n<p>Hauteur : 625 mm ou 1 625 mm<br \/>D\u00e9bit d&#8217;eau : 60 \u00e0 100 l\/min<br \/>Pression de l&#8217;eau : 0,4 \u00e0 1,0 bar (avec une faible hauteur de chute)<br \/>Groupe cible : enfants et jeunes<br \/>Positionnement : aires de jeux aquatiques, bassin pour enfants ou bassin d&#8217;attraction<br \/>Mat\u00e9riau : acier inoxydable V4A (1.4571), verre color\u00e9<\/p>\n<p>&nbsp;<\/p>\n<p>&nbsp;<\/p>\n","protected":false},"featured_media":28944,"template":"","meta":{"_acf_changed":false},"product_brand":[],"product_cat":[173],"product_tag":[],"class_list":{"0":"post-16842","1":"product","2":"type-product","3":"status-publish","4":"has-post-thumbnail","6":"product_cat-oxy-un-veritable-plaisir-aquatique","8":"first","9":"instock","10":"taxable","11":"shipping-taxable","12":"purchasable","13":"product-type-simple"},"acf":[],"_links":{"self":[{"href":"https:\/\/roigk.de\/fr\/wp-json\/wp\/v2\/product\/16842","targetHints":{"allow":["GET"]}}],"collection":[{"href":"https:\/\/roigk.de\/fr\/wp-json\/wp\/v2\/product"}],"about":[{"href":"https:\/\/roigk.de\/fr\/wp-json\/wp\/v2\/types\/product"}],"wp:featuredmedia":[{"embeddable":true,"href":"https:\/\/roigk.de\/fr\/wp-json\/wp\/v2\/media\/28944"}],"wp:attachment":[{"href":"https:\/\/roigk.de\/fr\/wp-json\/wp\/v2\/media?parent=16842"}],"wp:term":[{"taxonomy":"product_brand","embeddable":true,"href":"https:\/\/roigk.de\/fr\/wp-json\/wp\/v2\/product_brand?post=16842"},{"taxonomy":"product_cat","embeddable":true,"href":"https:\/\/roigk.de\/fr\/wp-json\/wp\/v2\/product_cat?post=16842"},{"taxonomy":"product_tag","embeddable":true,"href":"https:\/\/roigk.de\/fr\/wp-json\/wp\/v2\/product_tag?post=16842"}],"curies":[{"name":"wp","href":"https:\/\/api.w.org\/{rel}","templated":true}]}}