{"id":16844,"date":"2020-07-20T14:25:11","date_gmt":"2020-07-20T14:25:11","guid":{"rendered":"http:\/\/roigk.de\/produkt\/oxy-tetard-jet-deau-r201414-10\/"},"modified":"2026-01-21T08:37:36","modified_gmt":"2026-01-21T08:37:36","slug":"oxy-tetard-jet-deau-r201414-10","status":"publish","type":"product","link":"https:\/\/roigk.de\/fr\/oxy-tetard-jet-deau-r201414-10\/","title":{"rendered":"OXY T\u00eatard (jet d&rsquo;eau) R201414-10"},"content":{"rendered":"","protected":false},"excerpt":{"rendered":"<p>Tournez le t\u00eatard et commencez une bataille d&#8217;eau ! Gr<span>\u00e2ce aux<\/span>&nbsp;nombreux jets d&#8217;eau individuels, vous atteignerez toujours votre cible.<\/p>\n<p>Hauteur : 950 ou 1,845 mm<br \/>Angle de pulv\u00e9risation : environ 100 degr\u00e9s \u00e0 l&#8217;horizontale (sans arr\u00eat)<br \/>D\u00e9bit d&#8217;eau : 12 \u00e0 22 l\/min<br \/>Pression de l&#8217;eau : 0,3 \u00e0 0,6 bar (pour une faible hauteur de chute)<br \/>Groupe cible : enfants et jeunes<br \/>Positionnement : aires de jeux aquatiques, bassin pour enfants ou bassin d&#8217;attraction<br \/>Mat\u00e9riau : acier inoxydable V4A (1.4571), verre color\u00e9<\/p>\n","protected":false},"featured_media":18625,"template":"","meta":{"_acf_changed":false},"product_brand":[],"product_cat":[173],"product_tag":[],"class_list":{"0":"post-16844","1":"product","2":"type-product","3":"status-publish","4":"has-post-thumbnail","6":"product_cat-oxy-un-veritable-plaisir-aquatique","8":"first","9":"instock","10":"taxable","11":"shipping-taxable","12":"purchasable","13":"product-type-simple"},"acf":[],"_links":{"self":[{"href":"https:\/\/roigk.de\/fr\/wp-json\/wp\/v2\/product\/16844","targetHints":{"allow":["GET"]}}],"collection":[{"href":"https:\/\/roigk.de\/fr\/wp-json\/wp\/v2\/product"}],"about":[{"href":"https:\/\/roigk.de\/fr\/wp-json\/wp\/v2\/types\/product"}],"wp:featuredmedia":[{"embeddable":true,"href":"https:\/\/roigk.de\/fr\/wp-json\/wp\/v2\/media\/18625"}],"wp:attachment":[{"href":"https:\/\/roigk.de\/fr\/wp-json\/wp\/v2\/media?parent=16844"}],"wp:term":[{"taxonomy":"product_brand","embeddable":true,"href":"https:\/\/roigk.de\/fr\/wp-json\/wp\/v2\/product_brand?post=16844"},{"taxonomy":"product_cat","embeddable":true,"href":"https:\/\/roigk.de\/fr\/wp-json\/wp\/v2\/product_cat?post=16844"},{"taxonomy":"product_tag","embeddable":true,"href":"https:\/\/roigk.de\/fr\/wp-json\/wp\/v2\/product_tag?post=16844"}],"curies":[{"name":"wp","href":"https:\/\/api.w.org\/{rel}","templated":true}]}}