{"id":16846,"date":"2020-07-20T14:34:49","date_gmt":"2020-07-20T14:34:49","guid":{"rendered":"http:\/\/roigk.de\/produkt\/oxy-meduse-de-feu-rideau-de-verre-r201417-10\/"},"modified":"2026-01-21T08:37:42","modified_gmt":"2026-01-21T08:37:42","slug":"oxy-meduse-de-feu-rideau-de-verre-r201417-10","status":"publish","type":"product","link":"https:\/\/roigk.de\/fr\/oxy-meduse-de-feu-rideau-de-verre-r201417-10\/","title":{"rendered":"OXY M\u00e9duse de feu R201417-10"},"content":{"rendered":"","protected":false},"excerpt":{"rendered":"<p>Cette puissante &#8220;m\u00e9duse de feu&#8221; apporte beaucoup de rafra\u00eechissement et cr\u00e9\u00e9e un rideau d&#8217;eau laminaire derri\u00e8re lequel on peut se cacher.<\/p>\n<p>Hauteur : 1.400 ou 2.200 mm<br \/>D\u00e9bit d&#8217;eau : 160 \u00e0 280 l\/min<br \/>Pression de l&#8217;eau : 0,1 \u00e0 0,15 bar (avec une faible hauteur de chute)<br \/>Groupe cible : enfants et jeunes<br \/>Positionnement : aires de jeux aquatiques, bassin pour enfants ou bassin d&#8217;attraction<br \/>Mat\u00e9riau : acier inoxydable V4A (1.4571), verre color\u00e9<\/p>\n","protected":false},"featured_media":28971,"template":"","meta":{"_acf_changed":false},"product_brand":[],"product_cat":[173],"product_tag":[],"class_list":{"0":"post-16846","1":"product","2":"type-product","3":"status-publish","4":"has-post-thumbnail","6":"product_cat-oxy-un-veritable-plaisir-aquatique","8":"first","9":"instock","10":"taxable","11":"shipping-taxable","12":"purchasable","13":"product-type-simple"},"acf":[],"_links":{"self":[{"href":"https:\/\/roigk.de\/fr\/wp-json\/wp\/v2\/product\/16846","targetHints":{"allow":["GET"]}}],"collection":[{"href":"https:\/\/roigk.de\/fr\/wp-json\/wp\/v2\/product"}],"about":[{"href":"https:\/\/roigk.de\/fr\/wp-json\/wp\/v2\/types\/product"}],"wp:featuredmedia":[{"embeddable":true,"href":"https:\/\/roigk.de\/fr\/wp-json\/wp\/v2\/media\/28971"}],"wp:attachment":[{"href":"https:\/\/roigk.de\/fr\/wp-json\/wp\/v2\/media?parent=16846"}],"wp:term":[{"taxonomy":"product_brand","embeddable":true,"href":"https:\/\/roigk.de\/fr\/wp-json\/wp\/v2\/product_brand?post=16846"},{"taxonomy":"product_cat","embeddable":true,"href":"https:\/\/roigk.de\/fr\/wp-json\/wp\/v2\/product_cat?post=16846"},{"taxonomy":"product_tag","embeddable":true,"href":"https:\/\/roigk.de\/fr\/wp-json\/wp\/v2\/product_tag?post=16846"}],"curies":[{"name":"wp","href":"https:\/\/api.w.org\/{rel}","templated":true}]}}