{"id":16848,"date":"2020-07-20T14:46:35","date_gmt":"2020-07-20T14:46:35","guid":{"rendered":"http:\/\/roigk.de\/produkt\/oxy-oursin-de-mer-r201416-10\/"},"modified":"2026-01-21T08:37:49","modified_gmt":"2026-01-21T08:37:49","slug":"oxy-oursin-de-mer-r201416-10","status":"publish","type":"product","link":"https:\/\/roigk.de\/fr\/oxy-oursin-de-mer-r201416-10\/","title":{"rendered":"OXY Oursin R201416-10"},"content":{"rendered":"","protected":false},"excerpt":{"rendered":"<p>Cette bulle est un jet d&#8217;eau interactif qui pulv\u00e9rise \u00e0 360 degr\u00e9s. Maintenez les deux petites buses ferm\u00e9es pour augmenter la distance de pulv\u00e9risation.<\/p>\n<p>Hauteur : 1 000 ou 1 780 mm<br \/>Angle de pulv\u00e9risation : 360 degr\u00e9s \u00e0 l&#8217;horizontale (sans arr\u00eat)<br \/>Quantit\u00e9 d&#8217;eau : 8 \u00e0 20 l\/min<br \/>Pression de l&#8217;eau : 0,3 \u00e0 0,7 bar<br \/>Groupe cible : enfants et jeunes<br \/>Positionnement : aires de jeux aquatiques, bassin pour enfants ou bassin d&#8217;attraction<br \/>Mat\u00e9riau : acier inoxydable V4A (1.4571), verre color\u00e9<\/p>\n","protected":false},"featured_media":18661,"template":"","meta":{"_acf_changed":false},"product_brand":[],"product_cat":[173],"product_tag":[],"class_list":{"0":"post-16848","1":"product","2":"type-product","3":"status-publish","4":"has-post-thumbnail","6":"product_cat-oxy-un-veritable-plaisir-aquatique","8":"first","9":"instock","10":"taxable","11":"shipping-taxable","12":"purchasable","13":"product-type-simple"},"acf":[],"_links":{"self":[{"href":"https:\/\/roigk.de\/fr\/wp-json\/wp\/v2\/product\/16848","targetHints":{"allow":["GET"]}}],"collection":[{"href":"https:\/\/roigk.de\/fr\/wp-json\/wp\/v2\/product"}],"about":[{"href":"https:\/\/roigk.de\/fr\/wp-json\/wp\/v2\/types\/product"}],"wp:featuredmedia":[{"embeddable":true,"href":"https:\/\/roigk.de\/fr\/wp-json\/wp\/v2\/media\/18661"}],"wp:attachment":[{"href":"https:\/\/roigk.de\/fr\/wp-json\/wp\/v2\/media?parent=16848"}],"wp:term":[{"taxonomy":"product_brand","embeddable":true,"href":"https:\/\/roigk.de\/fr\/wp-json\/wp\/v2\/product_brand?post=16848"},{"taxonomy":"product_cat","embeddable":true,"href":"https:\/\/roigk.de\/fr\/wp-json\/wp\/v2\/product_cat?post=16848"},{"taxonomy":"product_tag","embeddable":true,"href":"https:\/\/roigk.de\/fr\/wp-json\/wp\/v2\/product_tag?post=16848"}],"curies":[{"name":"wp","href":"https:\/\/api.w.org\/{rel}","templated":true}]}}