{"id":16850,"date":"2020-07-20T14:30:42","date_gmt":"2020-07-20T14:30:42","guid":{"rendered":"http:\/\/roigk.de\/produkt\/oxy-meduse-r201413-10\/"},"modified":"2026-01-21T08:37:55","modified_gmt":"2026-01-21T08:37:55","slug":"oxy-meduse-r201413-10","status":"publish","type":"product","link":"https:\/\/roigk.de\/fr\/oxy-meduse-r201413-10\/","title":{"rendered":"OXY M\u00e9duse royale R201413-10"},"content":{"rendered":"","protected":false},"excerpt":{"rendered":"<p>L&#8217;effet d&#8217;eau laminaire de la m\u00e9duse royale invite les enfants \u00e0 exp\u00e9rimenter le domaine aquatique d&#8217;une mani\u00e8re unique. Les enfants de tout \u00e2ges peuvent toucher, ressentir et d\u00e9couvrir l&#8217;eau d&#8217;une mani\u00e8re totalement nouvelle.<\/p>\n<p>Hauteur : 800 ou 1.700 mm<br \/>D\u00e9bit d&#8217;eau : 26 \u00e0 33 l\/min<br \/>Pression de l&#8217;eau : 0,1 bar (pour une faible hauteur de chute)<br \/>Groupe cible : enfants et nourrissons<br \/>Positionnement : aires de jeux aquatiques, bassin pour enfants ou bassin d&#8217;attraction<br \/>Mat\u00e9riau : acier inoxydable V4A (1.4571), verre color\u00e9<\/p>\n","protected":false},"featured_media":28980,"template":"","meta":{"_acf_changed":false},"product_brand":[],"product_cat":[173],"product_tag":[],"class_list":{"0":"post-16850","1":"product","2":"type-product","3":"status-publish","4":"has-post-thumbnail","6":"product_cat-oxy-un-veritable-plaisir-aquatique","8":"first","9":"instock","10":"taxable","11":"shipping-taxable","12":"purchasable","13":"product-type-simple"},"acf":[],"_links":{"self":[{"href":"https:\/\/roigk.de\/fr\/wp-json\/wp\/v2\/product\/16850","targetHints":{"allow":["GET"]}}],"collection":[{"href":"https:\/\/roigk.de\/fr\/wp-json\/wp\/v2\/product"}],"about":[{"href":"https:\/\/roigk.de\/fr\/wp-json\/wp\/v2\/types\/product"}],"wp:featuredmedia":[{"embeddable":true,"href":"https:\/\/roigk.de\/fr\/wp-json\/wp\/v2\/media\/28980"}],"wp:attachment":[{"href":"https:\/\/roigk.de\/fr\/wp-json\/wp\/v2\/media?parent=16850"}],"wp:term":[{"taxonomy":"product_brand","embeddable":true,"href":"https:\/\/roigk.de\/fr\/wp-json\/wp\/v2\/product_brand?post=16850"},{"taxonomy":"product_cat","embeddable":true,"href":"https:\/\/roigk.de\/fr\/wp-json\/wp\/v2\/product_cat?post=16850"},{"taxonomy":"product_tag","embeddable":true,"href":"https:\/\/roigk.de\/fr\/wp-json\/wp\/v2\/product_tag?post=16850"}],"curies":[{"name":"wp","href":"https:\/\/api.w.org\/{rel}","templated":true}]}}