{"id":16852,"date":"2020-07-20T14:35:56","date_gmt":"2020-07-20T14:35:56","guid":{"rendered":"http:\/\/roigk.de\/produkt\/oxy-meduse-royale-lumineuse-r201413-20-avec-led\/"},"modified":"2026-01-21T08:38:02","modified_gmt":"2026-01-21T08:38:02","slug":"oxy-meduse-royale-lumineuse-r201413-20-avec-led","status":"publish","type":"product","link":"https:\/\/roigk.de\/fr\/oxy-meduse-royale-lumineuse-r201413-20-avec-led\/","title":{"rendered":"OXY M\u00e9duse royale avec LED R201413-20"},"content":{"rendered":"","protected":false},"excerpt":{"rendered":"<p>C&#8217;est surtout dans les piscines int\u00e9rieures que nos enfants profitent de superbes effets de lumi\u00e8re. Avec cette m\u00e9duse royale, nous combinons un effet de chute d&#8217;eau avec un \u00e9clairage LED puissant.&nbsp;<\/p>\n<p>Hauteur : 800 ou 1.700 mm<br \/>D\u00e9bit d&#8217;eau : 26 \u00e0 33 l\/min<br \/>Pression de l&#8217;eau 0,1 bar<br \/>Groupe cible : enfants et nourrissons<br \/>Positionnement : parcs d&#8217;arrosage, bassin pour enfants ou bassin d&#8217;attraction<br \/>Mat\u00e9riau : acier inoxydable V4A (1.4571), verre color\u00e9<\/p>\n","protected":false},"featured_media":18517,"template":"","meta":{"_acf_changed":false},"product_brand":[],"product_cat":[173],"product_tag":[],"class_list":{"0":"post-16852","1":"product","2":"type-product","3":"status-publish","4":"has-post-thumbnail","6":"product_cat-oxy-un-veritable-plaisir-aquatique","8":"first","9":"instock","10":"taxable","11":"shipping-taxable","12":"purchasable","13":"product-type-simple"},"acf":[],"_links":{"self":[{"href":"https:\/\/roigk.de\/fr\/wp-json\/wp\/v2\/product\/16852","targetHints":{"allow":["GET"]}}],"collection":[{"href":"https:\/\/roigk.de\/fr\/wp-json\/wp\/v2\/product"}],"about":[{"href":"https:\/\/roigk.de\/fr\/wp-json\/wp\/v2\/types\/product"}],"wp:featuredmedia":[{"embeddable":true,"href":"https:\/\/roigk.de\/fr\/wp-json\/wp\/v2\/media\/18517"}],"wp:attachment":[{"href":"https:\/\/roigk.de\/fr\/wp-json\/wp\/v2\/media?parent=16852"}],"wp:term":[{"taxonomy":"product_brand","embeddable":true,"href":"https:\/\/roigk.de\/fr\/wp-json\/wp\/v2\/product_brand?post=16852"},{"taxonomy":"product_cat","embeddable":true,"href":"https:\/\/roigk.de\/fr\/wp-json\/wp\/v2\/product_cat?post=16852"},{"taxonomy":"product_tag","embeddable":true,"href":"https:\/\/roigk.de\/fr\/wp-json\/wp\/v2\/product_tag?post=16852"}],"curies":[{"name":"wp","href":"https:\/\/api.w.org\/{rel}","templated":true}]}}