{"id":16858,"date":"2020-07-20T14:31:41","date_gmt":"2021-01-19T22:45:14","guid":{"rendered":"http:\/\/roigk.de\/produkt\/oxy-douche-requin-r201909-10\/"},"modified":"2022-05-12T12:23:16","modified_gmt":"2022-05-12T12:23:16","slug":"oxy-douche-requin-r201909-10","status":"publish","type":"product","link":"https:\/\/roigk.de\/fr\/oxy-douche-requin-r201909-10\/","title":{"rendered":"OXY Douche Requin R201909-10"},"content":{"rendered":"","protected":false},"excerpt":{"rendered":"<p>Kai joue avec le requin, et il est d\u00e9j\u00e0 douch\u00e9 ?<\/p>\n<p>Hauteur : 2 560 mm<br \/>Hauteur de la sortie d&#8217;eau : 2.250 mm<br \/>D\u00e9bit d&#8217;eau : 5 \u00e0 10 l\/min<br \/>Pression : 1 \u00e0 4 bar<br \/>Mat\u00e9riau : acier inoxydable V4A (1.4404) peint par poudrage<\/p>\n","protected":false},"featured_media":17202,"template":"","meta":{"_acf_changed":false},"product_brand":[],"product_cat":[163,174],"product_tag":[],"class_list":{"0":"post-16858","1":"product","2":"type-product","3":"status-publish","4":"has-post-thumbnail","6":"product_cat-douches-verticales-et-equipement-de-piscine-exterieure-fr","7":"product_cat-oxy-douches-pour-enfants","9":"first","10":"instock","11":"taxable","12":"shipping-taxable","13":"purchasable","14":"product-type-simple"},"acf":[],"_links":{"self":[{"href":"https:\/\/roigk.de\/fr\/wp-json\/wp\/v2\/product\/16858","targetHints":{"allow":["GET"]}}],"collection":[{"href":"https:\/\/roigk.de\/fr\/wp-json\/wp\/v2\/product"}],"about":[{"href":"https:\/\/roigk.de\/fr\/wp-json\/wp\/v2\/types\/product"}],"wp:featuredmedia":[{"embeddable":true,"href":"https:\/\/roigk.de\/fr\/wp-json\/wp\/v2\/media\/17202"}],"wp:attachment":[{"href":"https:\/\/roigk.de\/fr\/wp-json\/wp\/v2\/media?parent=16858"}],"wp:term":[{"taxonomy":"product_brand","embeddable":true,"href":"https:\/\/roigk.de\/fr\/wp-json\/wp\/v2\/product_brand?post=16858"},{"taxonomy":"product_cat","embeddable":true,"href":"https:\/\/roigk.de\/fr\/wp-json\/wp\/v2\/product_cat?post=16858"},{"taxonomy":"product_tag","embeddable":true,"href":"https:\/\/roigk.de\/fr\/wp-json\/wp\/v2\/product_tag?post=16858"}],"curies":[{"name":"wp","href":"https:\/\/api.w.org\/{rel}","templated":true}]}}