{"id":16864,"date":"2020-07-20T14:34:43","date_gmt":"2020-07-20T14:34:43","guid":{"rendered":"http:\/\/roigk.de\/produkt\/oxy-canard-r201704-50\/"},"modified":"2026-01-21T08:38:50","modified_gmt":"2026-01-21T08:38:50","slug":"oxy-canard-r201704-50","status":"publish","type":"product","link":"https:\/\/roigk.de\/fr\/oxy-canard-r201704-50\/","title":{"rendered":"OXY Canard R201704-50"},"content":{"rendered":"","protected":false},"excerpt":{"rendered":"<p>Les enfants peuvent faire danser les jets d\u2019eau du mignon canard avec leurs doigts. Un jeu interactif de sensations et d\u2019apprentissage avec de nombreux jets d\u2019eau doux.&nbsp;<\/p>\n<p>Hauteur : 850 mm<br \/>Angle de pulv\u00e9risation : 300 degr\u00e9s (non-stop)<br \/>D\u00e9bit d\u2019eau : 15 \u00e0 28 l\/min<br \/>Pression de l\u2019eau : 0,2 \u00e0 0,3 bar<br \/>Groupe cible : enfants et nourrissons<br \/>Positionnement : bassin pour enfants en bas \u00e2ge ou aire de jeu aquatique (WT max. recommand\u00e9 = 50 mm ou plus avec une hauteur sp\u00e9ciale)<br \/>Mat\u00e9riau : acier inoxydable V4A (1.4571), verre color\u00e9<br \/>Copyright und Design by Markus Ehring<\/p>\n","protected":false},"featured_media":29007,"template":"","meta":{"_acf_changed":false},"product_brand":[],"product_cat":[173],"product_tag":[],"class_list":{"0":"post-16864","1":"product","2":"type-product","3":"status-publish","4":"has-post-thumbnail","6":"product_cat-oxy-un-veritable-plaisir-aquatique","8":"first","9":"instock","10":"taxable","11":"shipping-taxable","12":"purchasable","13":"product-type-simple"},"acf":[],"_links":{"self":[{"href":"https:\/\/roigk.de\/fr\/wp-json\/wp\/v2\/product\/16864","targetHints":{"allow":["GET"]}}],"collection":[{"href":"https:\/\/roigk.de\/fr\/wp-json\/wp\/v2\/product"}],"about":[{"href":"https:\/\/roigk.de\/fr\/wp-json\/wp\/v2\/types\/product"}],"wp:featuredmedia":[{"embeddable":true,"href":"https:\/\/roigk.de\/fr\/wp-json\/wp\/v2\/media\/29007"}],"wp:attachment":[{"href":"https:\/\/roigk.de\/fr\/wp-json\/wp\/v2\/media?parent=16864"}],"wp:term":[{"taxonomy":"product_brand","embeddable":true,"href":"https:\/\/roigk.de\/fr\/wp-json\/wp\/v2\/product_brand?post=16864"},{"taxonomy":"product_cat","embeddable":true,"href":"https:\/\/roigk.de\/fr\/wp-json\/wp\/v2\/product_cat?post=16864"},{"taxonomy":"product_tag","embeddable":true,"href":"https:\/\/roigk.de\/fr\/wp-json\/wp\/v2\/product_tag?post=16864"}],"curies":[{"name":"wp","href":"https:\/\/api.w.org\/{rel}","templated":true}]}}