{"id":16866,"date":"2020-07-20T14:45:38","date_gmt":"2020-07-20T14:45:38","guid":{"rendered":"http:\/\/roigk.de\/produkt\/oxy-flamant-rose-r201704-60\/"},"modified":"2026-01-21T08:38:56","modified_gmt":"2026-01-21T08:38:56","slug":"oxy-flamant-rose-r201704-60","status":"publish","type":"product","link":"https:\/\/roigk.de\/fr\/oxy-flamant-rose-r201704-60\/","title":{"rendered":"OXY Flamant rose R201704-60"},"content":{"rendered":"","protected":false},"excerpt":{"rendered":"<p>Le flamant rose tend fi\u00e8rement son bec et d\u00e9ploie sur vous de l&#8217;eau avec ses ailes d&#8217;eau et sa queue.<\/p>\n<p>Hauteur : 1.200 mm<br \/>Angle de pulv\u00e9risation : 360 degr\u00e9s (non-stop)<br \/>D\u00e9bit d&#8217;eau : 14 \u00e0 22 l\/min<br \/>Pression de l&#8217;eau : 0,15 \u00e0 0,25 bar<br \/>Groupe cible : enfants et nourrissons<br \/>Positionnement : bassin pour enfants en bas \u00e2ge ou aire de jeux d&#8217;eau (WT max. recommand\u00e9 = 200 mm ou plus avec une hauteur sp\u00e9ciale)<br \/>Mat\u00e9riau : acier inoxydable V4A (1.4571), verre color\u00e9<\/p>\n","protected":false},"featured_media":29022,"template":"","meta":{"_acf_changed":false},"product_brand":[],"product_cat":[173],"product_tag":[],"class_list":{"0":"post-16866","1":"product","2":"type-product","3":"status-publish","4":"has-post-thumbnail","6":"product_cat-oxy-un-veritable-plaisir-aquatique","8":"first","9":"instock","10":"taxable","11":"shipping-taxable","12":"purchasable","13":"product-type-simple"},"acf":[],"_links":{"self":[{"href":"https:\/\/roigk.de\/fr\/wp-json\/wp\/v2\/product\/16866","targetHints":{"allow":["GET"]}}],"collection":[{"href":"https:\/\/roigk.de\/fr\/wp-json\/wp\/v2\/product"}],"about":[{"href":"https:\/\/roigk.de\/fr\/wp-json\/wp\/v2\/types\/product"}],"wp:featuredmedia":[{"embeddable":true,"href":"https:\/\/roigk.de\/fr\/wp-json\/wp\/v2\/media\/29022"}],"wp:attachment":[{"href":"https:\/\/roigk.de\/fr\/wp-json\/wp\/v2\/media?parent=16866"}],"wp:term":[{"taxonomy":"product_brand","embeddable":true,"href":"https:\/\/roigk.de\/fr\/wp-json\/wp\/v2\/product_brand?post=16866"},{"taxonomy":"product_cat","embeddable":true,"href":"https:\/\/roigk.de\/fr\/wp-json\/wp\/v2\/product_cat?post=16866"},{"taxonomy":"product_tag","embeddable":true,"href":"https:\/\/roigk.de\/fr\/wp-json\/wp\/v2\/product_tag?post=16866"}],"curies":[{"name":"wp","href":"https:\/\/api.w.org\/{rel}","templated":true}]}}