{"id":16874,"date":"2020-07-20T14:21:06","date_gmt":"2020-07-20T14:21:06","guid":{"rendered":"http:\/\/roigk.de\/produkt\/oxy-crabe-r201704-70\/"},"modified":"2026-01-21T08:39:24","modified_gmt":"2026-01-21T08:39:24","slug":"oxy-crabe-r201704-70","status":"publish","type":"product","link":"https:\/\/roigk.de\/fr\/oxy-crabe-r201704-70\/","title":{"rendered":"OXY Crabe  R201704-70"},"content":{"rendered":"","protected":false},"excerpt":{"rendered":"<p>Le populaire crabe regarde dr\u00f4lement autour de lui avec ses grands yeux bleus. Il poss\u00e8de un jet de pulv\u00e9risation rotatif.<\/p>\n<p>Hauteur : 650 mm<br \/>Angle de pulv\u00e9risation : 100 degr\u00e9s (non-stop)<br \/>Quantit\u00e9 d&#8217;eau : 8 \u00e0 14 l\/min<br \/>Pression de l&#8217;eau : 0,15 \u00e0 0,3 bar<br \/>Groupe cible : enfants et nourrissons<br \/>Positionnement : bassin pour enfants en bas \u00e2ge ou aire de jeu aquatique (WT max. recommand\u00e9 = 50 mm ou plus avec une hauteur sp\u00e9ciale)<br \/>Mat\u00e9riau : acier inoxydable V4A (1.4571), verre color\u00e9<\/p>\n","protected":false},"featured_media":29073,"template":"","meta":{"_acf_changed":false},"product_brand":[],"product_cat":[173],"product_tag":[],"class_list":{"0":"post-16874","1":"product","2":"type-product","3":"status-publish","4":"has-post-thumbnail","6":"product_cat-oxy-un-veritable-plaisir-aquatique","8":"first","9":"instock","10":"taxable","11":"shipping-taxable","12":"purchasable","13":"product-type-simple"},"acf":[],"_links":{"self":[{"href":"https:\/\/roigk.de\/fr\/wp-json\/wp\/v2\/product\/16874","targetHints":{"allow":["GET"]}}],"collection":[{"href":"https:\/\/roigk.de\/fr\/wp-json\/wp\/v2\/product"}],"about":[{"href":"https:\/\/roigk.de\/fr\/wp-json\/wp\/v2\/types\/product"}],"wp:featuredmedia":[{"embeddable":true,"href":"https:\/\/roigk.de\/fr\/wp-json\/wp\/v2\/media\/29073"}],"wp:attachment":[{"href":"https:\/\/roigk.de\/fr\/wp-json\/wp\/v2\/media?parent=16874"}],"wp:term":[{"taxonomy":"product_brand","embeddable":true,"href":"https:\/\/roigk.de\/fr\/wp-json\/wp\/v2\/product_brand?post=16874"},{"taxonomy":"product_cat","embeddable":true,"href":"https:\/\/roigk.de\/fr\/wp-json\/wp\/v2\/product_cat?post=16874"},{"taxonomy":"product_tag","embeddable":true,"href":"https:\/\/roigk.de\/fr\/wp-json\/wp\/v2\/product_tag?post=16874"}],"curies":[{"name":"wp","href":"https:\/\/api.w.org\/{rel}","templated":true}]}}