{"id":16878,"date":"2020-07-20T14:45:10","date_gmt":"2020-07-20T14:45:10","guid":{"rendered":"http:\/\/roigk.de\/produkt\/oxy-escargot-r201704-80\/"},"modified":"2026-01-21T08:39:38","modified_gmt":"2026-01-21T08:39:38","slug":"oxy-escargot-r201704-80","status":"publish","type":"product","link":"https:\/\/roigk.de\/fr\/oxy-escargot-r201704-80\/","title":{"rendered":"OXY Escargot R201704-80"},"content":{"rendered":"","protected":false},"excerpt":{"rendered":"<p>Un escargot mignon, qui, curieusement, \u00e9tend ses palpeurs avec deux faisceaux doux.&nbsp;<\/p>\n<p>Hauteur : 820 mm<br \/>Angle de pulv\u00e9risation : 100 degr\u00e9s (non-stop)<br \/>D\u00e9bit d&#8217;eau : 4 \u00e0 8 l\/min<br \/>Pression de l&#8217;eau : 0,2 \u00e0 0,3 bar<br \/>Groupe cible : enfants et nourrissons<br \/>Positionnement : bassin pour enfants en bas \u00e2ge ou aire de jeu aquatique (WT max. recommand\u00e9 = 50 mm ou plus avec une hauteur sp\u00e9ciale)<br \/>Mat\u00e9riau : acier inoxydable V4A (1.4571), verre color\u00e9<\/p>\n","protected":false},"featured_media":29082,"template":"","meta":{"_acf_changed":false},"product_brand":[],"product_cat":[173],"product_tag":[],"class_list":{"0":"post-16878","1":"product","2":"type-product","3":"status-publish","4":"has-post-thumbnail","6":"product_cat-oxy-un-veritable-plaisir-aquatique","8":"first","9":"instock","10":"taxable","11":"shipping-taxable","12":"purchasable","13":"product-type-simple"},"acf":[],"_links":{"self":[{"href":"https:\/\/roigk.de\/fr\/wp-json\/wp\/v2\/product\/16878","targetHints":{"allow":["GET"]}}],"collection":[{"href":"https:\/\/roigk.de\/fr\/wp-json\/wp\/v2\/product"}],"about":[{"href":"https:\/\/roigk.de\/fr\/wp-json\/wp\/v2\/types\/product"}],"wp:featuredmedia":[{"embeddable":true,"href":"https:\/\/roigk.de\/fr\/wp-json\/wp\/v2\/media\/29082"}],"wp:attachment":[{"href":"https:\/\/roigk.de\/fr\/wp-json\/wp\/v2\/media?parent=16878"}],"wp:term":[{"taxonomy":"product_brand","embeddable":true,"href":"https:\/\/roigk.de\/fr\/wp-json\/wp\/v2\/product_brand?post=16878"},{"taxonomy":"product_cat","embeddable":true,"href":"https:\/\/roigk.de\/fr\/wp-json\/wp\/v2\/product_cat?post=16878"},{"taxonomy":"product_tag","embeddable":true,"href":"https:\/\/roigk.de\/fr\/wp-json\/wp\/v2\/product_tag?post=16878"}],"curies":[{"name":"wp","href":"https:\/\/api.w.org\/{rel}","templated":true}]}}