{"id":16884,"date":"2020-07-20T14:45:25","date_gmt":"2020-07-20T14:45:25","guid":{"rendered":"http:\/\/roigk.de\/produkt\/riff-palmier-r201511-10\/"},"modified":"2026-01-21T08:40:01","modified_gmt":"2026-01-21T08:40:01","slug":"riff-palmier-r201511-10","status":"publish","type":"product","link":"https:\/\/roigk.de\/fr\/riff-palmier-r201511-10\/","title":{"rendered":"Palmier R201511-10"},"content":{"rendered":"","protected":false},"excerpt":{"rendered":"<p>Le palmier donne \u00e0 la zone de jeux d&#8217;eau un aspect tropical. Avec 12 buses \u00e0 jet d&#8217;eau pour un rafra\u00eechissement agr\u00e9able.<\/p>\n<p>Hauteur : 2,950 mm<br \/>Quantit\u00e9 d&#8217;eau : 10 \u00e0 25 l\/min<br \/>Pression de l&#8217;eau : 0,3 \u00e0 0,5 bar<br \/>Groupe cible : les enfants<br \/>Positionnement : zones de caract\u00e9ristiques de l&#8217;eau ou <br \/>Piscine pour enfants (WT max. recommand\u00e9 = 600 mm)<br \/>Mat\u00e9riau : acier inoxydable V4A (1.4571), verre color\u00e9<\/p>\n","protected":false},"featured_media":30617,"template":"","meta":{"_acf_changed":false},"product_brand":[],"product_cat":[177],"product_tag":[],"class_list":{"0":"post-16884","1":"product","2":"type-product","3":"status-publish","4":"has-post-thumbnail","6":"product_cat-riff-zoo-fr","8":"first","9":"instock","10":"taxable","11":"shipping-taxable","12":"purchasable","13":"product-type-simple"},"acf":[],"_links":{"self":[{"href":"https:\/\/roigk.de\/fr\/wp-json\/wp\/v2\/product\/16884","targetHints":{"allow":["GET"]}}],"collection":[{"href":"https:\/\/roigk.de\/fr\/wp-json\/wp\/v2\/product"}],"about":[{"href":"https:\/\/roigk.de\/fr\/wp-json\/wp\/v2\/types\/product"}],"wp:featuredmedia":[{"embeddable":true,"href":"https:\/\/roigk.de\/fr\/wp-json\/wp\/v2\/media\/30617"}],"wp:attachment":[{"href":"https:\/\/roigk.de\/fr\/wp-json\/wp\/v2\/media?parent=16884"}],"wp:term":[{"taxonomy":"product_brand","embeddable":true,"href":"https:\/\/roigk.de\/fr\/wp-json\/wp\/v2\/product_brand?post=16884"},{"taxonomy":"product_cat","embeddable":true,"href":"https:\/\/roigk.de\/fr\/wp-json\/wp\/v2\/product_cat?post=16884"},{"taxonomy":"product_tag","embeddable":true,"href":"https:\/\/roigk.de\/fr\/wp-json\/wp\/v2\/product_tag?post=16884"}],"curies":[{"name":"wp","href":"https:\/\/api.w.org\/{rel}","templated":true}]}}