{"id":16890,"date":"2020-07-20T14:57:53","date_gmt":"2020-07-20T14:57:53","guid":{"rendered":"http:\/\/roigk.de\/produkt\/z-banc-de-depart-r16sb-pour-plot-de-depart\/"},"modified":"2026-01-21T08:40:25","modified_gmt":"2026-01-21T08:40:25","slug":"z-banc-de-depart-r16sb-pour-plot-de-depart","status":"publish","type":"product","link":"https:\/\/roigk.de\/fr\/z-banc-de-depart-r16sb-pour-plot-de-depart\/","title":{"rendered":"Z# Banc de d\u00e9part R16SB (pour plot de d\u00e9part)"},"content":{"rendered":"","protected":false},"excerpt":{"rendered":"<p>Convient par exemple pour le plot de d\u00e9part R1609WVK. En option, avec mur d&#8217;arr\u00eat int\u00e9gr\u00e9, porte-lignes et socle en fibre de verre renforc\u00e9e antid\u00e9rapant.&nbsp;<\/p>\n<p>Dimensions : \u00e9l\u00e9ments individuels 700 x 350 x 2500 mm<br \/>Groupe cible : comp\u00e9titions de haut niveau de natation<br \/>Positionnement : adaptable \u00e0 de nombreux types de rigoles<\/p>\n","protected":false},"featured_media":11150,"template":"","meta":{"_acf_changed":false},"product_brand":[],"product_cat":[165],"product_tag":[],"class_list":{"0":"post-16890","1":"product","2":"type-product","3":"status-publish","4":"has-post-thumbnail","6":"product_cat-plot-de-depart","8":"first","9":"instock","10":"taxable","11":"shipping-taxable","12":"purchasable","13":"product-type-simple"},"acf":[],"_links":{"self":[{"href":"https:\/\/roigk.de\/fr\/wp-json\/wp\/v2\/product\/16890","targetHints":{"allow":["GET"]}}],"collection":[{"href":"https:\/\/roigk.de\/fr\/wp-json\/wp\/v2\/product"}],"about":[{"href":"https:\/\/roigk.de\/fr\/wp-json\/wp\/v2\/types\/product"}],"wp:featuredmedia":[{"embeddable":true,"href":"https:\/\/roigk.de\/fr\/wp-json\/wp\/v2\/media\/11150"}],"wp:attachment":[{"href":"https:\/\/roigk.de\/fr\/wp-json\/wp\/v2\/media?parent=16890"}],"wp:term":[{"taxonomy":"product_brand","embeddable":true,"href":"https:\/\/roigk.de\/fr\/wp-json\/wp\/v2\/product_brand?post=16890"},{"taxonomy":"product_cat","embeddable":true,"href":"https:\/\/roigk.de\/fr\/wp-json\/wp\/v2\/product_cat?post=16890"},{"taxonomy":"product_tag","embeddable":true,"href":"https:\/\/roigk.de\/fr\/wp-json\/wp\/v2\/product_tag?post=16890"}],"curies":[{"name":"wp","href":"https:\/\/api.w.org\/{rel}","templated":true}]}}