{"id":16898,"date":"2021-01-19T22:47:39","date_gmt":"2021-01-19T22:47:39","guid":{"rendered":"http:\/\/roigk.de\/produkt\/toboggan-pour-enfants-rainbow-dans-le-bassin-r201610-10\/"},"modified":"2026-01-21T08:40:38","modified_gmt":"2026-01-21T08:40:38","slug":"toboggan-pour-enfants-rainbow-dans-le-bassin-r201610-10","status":"publish","type":"product","link":"https:\/\/roigk.de\/fr\/toboggan-pour-enfants-rainbow-dans-le-bassin-r201610-10\/","title":{"rendered":"Toboggan pour enfants Rainbow (dans le bassin) R201610-10"},"content":{"rendered":"","protected":false},"excerpt":{"rendered":"<p>Tous les enfants vont les adorer. Version \u00e0 installer dans la piscine ! Le toboggan Rainbow est color\u00e9, ferm\u00e9 de tous les c\u00f4t\u00e9s et s\u00fbr gr\u00e2ce aux grandes marches de s\u00e9curit\u00e9 antid\u00e9rapantes et aux solides mains courantes en acier inoxydable.<\/p>\n<p>Classification selon la norme DIN EN 1069 : type 1.1<br \/>Dimensions (L\/L\/H) : 2.500 x 955 x 1.310 mm<br \/>Hauteur de la plate-forme : 600 mm<br \/>Mat\u00e9riau : plastique renforc\u00e9 de fibres de verre (GRP), acier inoxydable V4A (1.4571)<br \/>Positionnement : dans le bassin avec WT = 100 \u00e0 400 mm<\/p>\n","protected":false},"featured_media":26142,"template":"","meta":{"_acf_changed":false},"product_brand":[],"product_cat":[305],"product_tag":[],"class_list":{"0":"post-16898","1":"product","2":"type-product","3":"status-publish","4":"has-post-thumbnail","6":"product_cat-toboggans-pour-tout-petits","8":"first","9":"instock","10":"taxable","11":"shipping-taxable","12":"purchasable","13":"product-type-simple"},"acf":[],"_links":{"self":[{"href":"https:\/\/roigk.de\/fr\/wp-json\/wp\/v2\/product\/16898","targetHints":{"allow":["GET"]}}],"collection":[{"href":"https:\/\/roigk.de\/fr\/wp-json\/wp\/v2\/product"}],"about":[{"href":"https:\/\/roigk.de\/fr\/wp-json\/wp\/v2\/types\/product"}],"wp:featuredmedia":[{"embeddable":true,"href":"https:\/\/roigk.de\/fr\/wp-json\/wp\/v2\/media\/26142"}],"wp:attachment":[{"href":"https:\/\/roigk.de\/fr\/wp-json\/wp\/v2\/media?parent=16898"}],"wp:term":[{"taxonomy":"product_brand","embeddable":true,"href":"https:\/\/roigk.de\/fr\/wp-json\/wp\/v2\/product_brand?post=16898"},{"taxonomy":"product_cat","embeddable":true,"href":"https:\/\/roigk.de\/fr\/wp-json\/wp\/v2\/product_cat?post=16898"},{"taxonomy":"product_tag","embeddable":true,"href":"https:\/\/roigk.de\/fr\/wp-json\/wp\/v2\/product_tag?post=16898"}],"curies":[{"name":"wp","href":"https:\/\/api.w.org\/{rel}","templated":true}]}}