{"id":16910,"date":"2020-07-20T15:22:08","date_gmt":"2020-07-20T15:22:08","guid":{"rendered":"http:\/\/roigk.de\/produkt\/canon-a-eau-red-nautilus-r201701-20\/"},"modified":"2026-01-21T08:41:07","modified_gmt":"2026-01-21T08:41:07","slug":"canon-a-eau-red-nautilus-r201701-20","status":"publish","type":"product","link":"https:\/\/roigk.de\/fr\/canon-a-eau-red-nautilus-r201701-20\/","title":{"rendered":"Canon \u00e0 eau RED Nautilus 2D R201701-20"},"content":{"rendered":"","protected":false},"excerpt":{"rendered":"<p>Une bataille d&#8217;eau serait tr\u00e8s amusante! Un canon \u00e0 eau pivotant pour un jeu dynamique&nbsp;<span>\u00e0<\/span>&nbsp;l&#8217;aide d&#8217;une t\u00eate de canon color\u00e9e. Le canon s&#8217;active en appuyant sur une valve de temps int\u00e9gr\u00e9e.&nbsp;<\/p>\n<p>Hauteur : environ 1.150 mm<br \/>Angle de pulv\u00e9risation : environ 90 degr\u00e9s \u00e0 l&#8217;horizontale (avec but\u00e9e)<br \/>D\u00e9bit d&#8217;eau : 4 \u00e0 5 l\/min<br \/>Pression de l&#8217;eau : 1 \u00e0 2 bar<br \/>Groupe cible : enfants<br \/>Positionnement : au bord de la piscine ou dans la zone de l&#8217;\u00e9l\u00e9ment d&#8217;eau (WT max. = 0 mm)<br \/>Mat\u00e9riau : acier inoxydable V4A (1.4571)<\/p>\n","protected":false},"featured_media":11683,"template":"","meta":{"_acf_changed":false},"product_brand":[],"product_cat":[170],"product_tag":[],"class_list":{"0":"post-16910","1":"product","2":"type-product","3":"status-publish","4":"has-post-thumbnail","6":"product_cat-craft-action-interactive","8":"first","9":"instock","10":"taxable","11":"shipping-taxable","12":"purchasable","13":"product-type-simple"},"acf":[],"_links":{"self":[{"href":"https:\/\/roigk.de\/fr\/wp-json\/wp\/v2\/product\/16910","targetHints":{"allow":["GET"]}}],"collection":[{"href":"https:\/\/roigk.de\/fr\/wp-json\/wp\/v2\/product"}],"about":[{"href":"https:\/\/roigk.de\/fr\/wp-json\/wp\/v2\/types\/product"}],"wp:featuredmedia":[{"embeddable":true,"href":"https:\/\/roigk.de\/fr\/wp-json\/wp\/v2\/media\/11683"}],"wp:attachment":[{"href":"https:\/\/roigk.de\/fr\/wp-json\/wp\/v2\/media?parent=16910"}],"wp:term":[{"taxonomy":"product_brand","embeddable":true,"href":"https:\/\/roigk.de\/fr\/wp-json\/wp\/v2\/product_brand?post=16910"},{"taxonomy":"product_cat","embeddable":true,"href":"https:\/\/roigk.de\/fr\/wp-json\/wp\/v2\/product_cat?post=16910"},{"taxonomy":"product_tag","embeddable":true,"href":"https:\/\/roigk.de\/fr\/wp-json\/wp\/v2\/product_tag?post=16910"}],"curies":[{"name":"wp","href":"https:\/\/api.w.org\/{rel}","templated":true}]}}