{"id":16912,"date":"2020-07-20T15:22:58","date_gmt":"2020-07-20T15:22:58","guid":{"rendered":"http:\/\/roigk.de\/produkt\/canon-a-eau-red-nautilus-twin-shot-r201802-20\/"},"modified":"2026-01-21T08:41:14","modified_gmt":"2026-01-21T08:41:14","slug":"canon-a-eau-red-nautilus-twin-shot-r201802-20","status":"publish","type":"product","link":"https:\/\/roigk.de\/fr\/canon-a-eau-red-nautilus-twin-shot-r201802-20\/","title":{"rendered":"Canon \u00e0 eau Twin Shot  R201802-20"},"content":{"rendered":"","protected":false},"excerpt":{"rendered":"<p>Canon \u00e0 eau avec t\u00eate pivotante rouge au design d&#8217;une plan\u00e8te rouge. Avec deux buses de pulv\u00e9risation, pivote horizontalement de 90 degr\u00e9s et en plus verticalement d&#8217;environ 30 degr\u00e9s. Avec valve temporelle.<\/p>\n<p>Hauteur : environ 1,140 mm<br \/>Canon : environ 500 mm de long, environ 300 mm de large<br \/>Positionnement : au bord de la piscine ou dans l&#8217;espace aquatique (WT max. = 0 mm)<br \/>Mat\u00e9riau : acier inoxydable V4A (1.4571)<br \/>Angle de pulv\u00e9risation : environ 90 degr\u00e9s \u00e0 l&#8217;horizontale et 30 degr\u00e9s \u00e0 la verticale (avec arr\u00eat)<br \/>Groupe cible : enfants<\/p>\n","protected":false},"featured_media":11765,"template":"","meta":{"_acf_changed":false},"product_brand":[],"product_cat":[170],"product_tag":[],"class_list":{"0":"post-16912","1":"product","2":"type-product","3":"status-publish","4":"has-post-thumbnail","6":"product_cat-craft-action-interactive","8":"first","9":"instock","10":"taxable","11":"shipping-taxable","12":"purchasable","13":"product-type-simple"},"acf":[],"_links":{"self":[{"href":"https:\/\/roigk.de\/fr\/wp-json\/wp\/v2\/product\/16912","targetHints":{"allow":["GET"]}}],"collection":[{"href":"https:\/\/roigk.de\/fr\/wp-json\/wp\/v2\/product"}],"about":[{"href":"https:\/\/roigk.de\/fr\/wp-json\/wp\/v2\/types\/product"}],"wp:featuredmedia":[{"embeddable":true,"href":"https:\/\/roigk.de\/fr\/wp-json\/wp\/v2\/media\/11765"}],"wp:attachment":[{"href":"https:\/\/roigk.de\/fr\/wp-json\/wp\/v2\/media?parent=16912"}],"wp:term":[{"taxonomy":"product_brand","embeddable":true,"href":"https:\/\/roigk.de\/fr\/wp-json\/wp\/v2\/product_brand?post=16912"},{"taxonomy":"product_cat","embeddable":true,"href":"https:\/\/roigk.de\/fr\/wp-json\/wp\/v2\/product_cat?post=16912"},{"taxonomy":"product_tag","embeddable":true,"href":"https:\/\/roigk.de\/fr\/wp-json\/wp\/v2\/product_tag?post=16912"}],"curies":[{"name":"wp","href":"https:\/\/api.w.org\/{rel}","templated":true}]}}