{"id":16914,"date":"2020-07-20T14:43:16","date_gmt":"2021-01-19T22:48:37","guid":{"rendered":"http:\/\/roigk.de\/produkt\/bouee-de-sauvetage-r771016\/"},"modified":"2023-06-13T09:38:57","modified_gmt":"2023-06-13T09:38:57","slug":"bouee-de-sauvetage-r771016","status":"publish","type":"product","link":"https:\/\/roigk.de\/fr\/bouee-de-sauvetage-r771016\/","title":{"rendered":"Bou\u00e9e de sauvetage R771016"},"content":{"rendered":"","protected":false},"excerpt":{"rendered":"<p>Avec une corde autour, blanc-rouge<\/p>\n<p>Mat\u00e9riau : polystyr\u00e8ne avec rev\u00eatement en plastique, r\u00e9sistant \u00e0 la chaleur et \u00e0 l&#8217;huile avec une corde de pr\u00e9hension blanche de 10 mm, 9,0 daN<br \/>Diam\u00e8tre ext\u00e9rieur : environ 600 mm<br \/>Diam\u00e8tre int\u00e9rieur : environ 340 mm<br \/>Hauteur : environ 100 mm<\/p>\n","protected":false},"featured_media":10410,"template":"","meta":{"_acf_changed":false},"product_brand":[],"product_cat":[154],"product_tag":[],"class_list":{"0":"post-16914","1":"product","2":"type-product","3":"status-publish","4":"has-post-thumbnail","6":"product_cat-materiel-de-secours-equipements-de-salle-de-premiers-secours-et-signalisation","8":"first","9":"instock","10":"taxable","11":"shipping-taxable","12":"purchasable","13":"product-type-simple"},"acf":[],"_links":{"self":[{"href":"https:\/\/roigk.de\/fr\/wp-json\/wp\/v2\/product\/16914","targetHints":{"allow":["GET"]}}],"collection":[{"href":"https:\/\/roigk.de\/fr\/wp-json\/wp\/v2\/product"}],"about":[{"href":"https:\/\/roigk.de\/fr\/wp-json\/wp\/v2\/types\/product"}],"wp:featuredmedia":[{"embeddable":true,"href":"https:\/\/roigk.de\/fr\/wp-json\/wp\/v2\/media\/10410"}],"wp:attachment":[{"href":"https:\/\/roigk.de\/fr\/wp-json\/wp\/v2\/media?parent=16914"}],"wp:term":[{"taxonomy":"product_brand","embeddable":true,"href":"https:\/\/roigk.de\/fr\/wp-json\/wp\/v2\/product_brand?post=16914"},{"taxonomy":"product_cat","embeddable":true,"href":"https:\/\/roigk.de\/fr\/wp-json\/wp\/v2\/product_cat?post=16914"},{"taxonomy":"product_tag","embeddable":true,"href":"https:\/\/roigk.de\/fr\/wp-json\/wp\/v2\/product_tag?post=16914"}],"curies":[{"name":"wp","href":"https:\/\/api.w.org\/{rel}","templated":true}]}}