{"id":16924,"date":"2020-07-20T14:35:47","date_gmt":"2020-07-20T14:35:47","guid":{"rendered":"http:\/\/roigk.de\/produkt\/ballon-de-sauvetage-avec-corde-a-lancer-r771017\/"},"modified":"2026-01-21T08:41:43","modified_gmt":"2026-01-21T08:41:43","slug":"ballon-de-sauvetage-avec-corde-a-lancer-r771017","status":"publish","type":"product","link":"https:\/\/roigk.de\/fr\/ballon-de-sauvetage-avec-corde-a-lancer-r771017\/","title":{"rendered":"Ballon de sauvetage avec corde \u00e0 lancer R771017"},"content":{"rendered":"","protected":false},"excerpt":{"rendered":"<p>Correspondant au KOK avec un solide filet de s\u00e9curit\u00e9, une corde Tecol\u00e8ne stable de 15 m de long, avec flotteur et mousqueton.<\/p>\n<p>Diam\u00e8tre : 300 mm<\/p>\n","protected":false},"featured_media":9772,"template":"","meta":{"_acf_changed":false},"product_brand":[],"product_cat":[154],"product_tag":[],"class_list":{"0":"post-16924","1":"product","2":"type-product","3":"status-publish","4":"has-post-thumbnail","6":"product_cat-materiel-de-secours-equipements-de-salle-de-premiers-secours-et-signalisation","8":"first","9":"instock","10":"taxable","11":"shipping-taxable","12":"purchasable","13":"product-type-simple"},"acf":[],"_links":{"self":[{"href":"https:\/\/roigk.de\/fr\/wp-json\/wp\/v2\/product\/16924","targetHints":{"allow":["GET"]}}],"collection":[{"href":"https:\/\/roigk.de\/fr\/wp-json\/wp\/v2\/product"}],"about":[{"href":"https:\/\/roigk.de\/fr\/wp-json\/wp\/v2\/types\/product"}],"wp:featuredmedia":[{"embeddable":true,"href":"https:\/\/roigk.de\/fr\/wp-json\/wp\/v2\/media\/9772"}],"wp:attachment":[{"href":"https:\/\/roigk.de\/fr\/wp-json\/wp\/v2\/media?parent=16924"}],"wp:term":[{"taxonomy":"product_brand","embeddable":true,"href":"https:\/\/roigk.de\/fr\/wp-json\/wp\/v2\/product_brand?post=16924"},{"taxonomy":"product_cat","embeddable":true,"href":"https:\/\/roigk.de\/fr\/wp-json\/wp\/v2\/product_cat?post=16924"},{"taxonomy":"product_tag","embeddable":true,"href":"https:\/\/roigk.de\/fr\/wp-json\/wp\/v2\/product_tag?post=16924"}],"curies":[{"name":"wp","href":"https:\/\/api.w.org\/{rel}","templated":true}]}}