{"id":16928,"date":"2020-07-20T15:27:46","date_gmt":"2020-07-20T15:27:46","guid":{"rendered":"http:\/\/roigk.de\/produkt\/z-roigk-planche-de-plongeoir-r771162d-4-8\/"},"modified":"2026-01-21T08:41:55","modified_gmt":"2026-01-21T08:41:55","slug":"z-roigk-planche-de-plongeoir-r771162d-4-8","status":"publish","type":"product","link":"https:\/\/roigk.de\/fr\/z-roigk-planche-de-plongeoir-r771162d-4-8\/","title":{"rendered":"Z# ROIGK Planche de plongeoir R771162D-4.8"},"content":{"rendered":"","protected":false},"excerpt":{"rendered":"<p>Les tremplins sont en plastique renforc\u00e9 de fibres de verre sans incrustation en bois et sont ponc\u00e9s avec du sable antid\u00e9rapant (classe de glissement C). Cette construction est surtout caract\u00e9ris\u00e9e par les caract\u00e9ristiques de balancement positif. Nos tremplins sont utilis\u00e9s depuis de nombreuses ann\u00e9es pour les sports de masse avec un grand succ\u00e8s. Les tremplins, y compris les vis et les sangles en acier inoxydable, sont conformes \u00e0 la norme DIN EN 13451-10 et sont contr\u00f4l\u00e9s par le T\u00dcV.&nbsp;<\/p>\n<p>Couleur : blanc lat\u00e9ral (RAL 9016) et gris de rev\u00eatement (RAL 7015) ou couleurs sp\u00e9ciales<br \/>Dimensions : 500 x 4.800 mm<br \/>Convient pour le r\u00e9glage du rouleau Roigk R771252, le palier d&#8217;extr\u00e9mit\u00e9 R31 et l&#8217;amortisseur R32<br \/>Groupe cible : piscines publiques, exploitation publique, sports scolaires<br \/>Mat\u00e9riau : Plastique renforc\u00e9 de fibres de verre (GfK)<\/p>\n","protected":false},"featured_media":12201,"template":"","meta":{"_acf_changed":false},"product_brand":[],"product_cat":[161],"product_tag":[],"class_list":{"0":"post-16928","1":"product","2":"type-product","3":"status-publish","4":"has-post-thumbnail","6":"product_cat-plongeoirs","8":"first","9":"instock","10":"taxable","11":"shipping-taxable","12":"purchasable","13":"product-type-simple"},"acf":[],"_links":{"self":[{"href":"https:\/\/roigk.de\/fr\/wp-json\/wp\/v2\/product\/16928","targetHints":{"allow":["GET"]}}],"collection":[{"href":"https:\/\/roigk.de\/fr\/wp-json\/wp\/v2\/product"}],"about":[{"href":"https:\/\/roigk.de\/fr\/wp-json\/wp\/v2\/types\/product"}],"wp:featuredmedia":[{"embeddable":true,"href":"https:\/\/roigk.de\/fr\/wp-json\/wp\/v2\/media\/12201"}],"wp:attachment":[{"href":"https:\/\/roigk.de\/fr\/wp-json\/wp\/v2\/media?parent=16928"}],"wp:term":[{"taxonomy":"product_brand","embeddable":true,"href":"https:\/\/roigk.de\/fr\/wp-json\/wp\/v2\/product_brand?post=16928"},{"taxonomy":"product_cat","embeddable":true,"href":"https:\/\/roigk.de\/fr\/wp-json\/wp\/v2\/product_cat?post=16928"},{"taxonomy":"product_tag","embeddable":true,"href":"https:\/\/roigk.de\/fr\/wp-json\/wp\/v2\/product_tag?post=16928"}],"curies":[{"name":"wp","href":"https:\/\/api.w.org\/{rel}","templated":true}]}}