{"id":16938,"date":"2020-07-20T14:42:34","date_gmt":"2020-07-20T14:42:34","guid":{"rendered":"http:\/\/roigk.de\/produkt\/systeme-de-surveillance-du-flotteur-arriere-r771184\/"},"modified":"2026-01-21T08:42:29","modified_gmt":"2026-01-21T08:42:29","slug":"systeme-de-surveillance-du-flotteur-arriere-r771184","status":"publish","type":"product","link":"https:\/\/roigk.de\/fr\/systeme-de-surveillance-du-flotteur-arriere-r771184\/","title":{"rendered":"Syst\u00e8me de surveillance du flotteur arri\u00e8re R771184"},"content":{"rendered":"","protected":false},"excerpt":{"rendered":"<p>Constitu\u00e9 d&#8217;une ligne de drapeau rouge-blanc et de 2 supports.<\/p>\n<p>Norme : FINA<br \/>Taille : hauteur de support d&#8217;environ 1 850 mm, longueur individuelle en fonction de la largeur du bassin<br \/>Groupe cible : comp\u00e9titions de natation<br \/>Positionnement : \u00e0 5 m du bord de la piscine, deux syst\u00e8mes de retournement sont n\u00e9cessaires par piscine<br \/>Mat\u00e9riau : acier inoxydable V4A (1.4571)<\/p>\n","protected":false},"featured_media":10350,"template":"","meta":{"_acf_changed":false},"product_brand":[],"product_cat":[158],"product_tag":[],"class_list":{"0":"post-16938","1":"product","2":"type-product","3":"status-publish","4":"has-post-thumbnail","6":"product_cat-lignes-de-nage-lignes-de-separation-et-douilles-de-sol","8":"first","9":"instock","10":"taxable","11":"shipping-taxable","12":"purchasable","13":"product-type-simple"},"acf":[],"_links":{"self":[{"href":"https:\/\/roigk.de\/fr\/wp-json\/wp\/v2\/product\/16938","targetHints":{"allow":["GET"]}}],"collection":[{"href":"https:\/\/roigk.de\/fr\/wp-json\/wp\/v2\/product"}],"about":[{"href":"https:\/\/roigk.de\/fr\/wp-json\/wp\/v2\/types\/product"}],"wp:featuredmedia":[{"embeddable":true,"href":"https:\/\/roigk.de\/fr\/wp-json\/wp\/v2\/media\/10350"}],"wp:attachment":[{"href":"https:\/\/roigk.de\/fr\/wp-json\/wp\/v2\/media?parent=16938"}],"wp:term":[{"taxonomy":"product_brand","embeddable":true,"href":"https:\/\/roigk.de\/fr\/wp-json\/wp\/v2\/product_brand?post=16938"},{"taxonomy":"product_cat","embeddable":true,"href":"https:\/\/roigk.de\/fr\/wp-json\/wp\/v2\/product_cat?post=16938"},{"taxonomy":"product_tag","embeddable":true,"href":"https:\/\/roigk.de\/fr\/wp-json\/wp\/v2\/product_tag?post=16938"}],"curies":[{"name":"wp","href":"https:\/\/api.w.org\/{rel}","templated":true}]}}