{"id":16940,"date":"2020-07-20T14:30:32","date_gmt":"2020-07-20T14:30:32","guid":{"rendered":"http:\/\/roigk.de\/produkt\/e-soupape-de-retenue-pour-pompe-a-poignee-ou-machine-a-actionner\/"},"modified":"2026-01-21T08:42:35","modified_gmt":"2026-01-21T08:42:35","slug":"e-soupape-de-retenue-pour-pompe-a-poignee-ou-machine-a-actionner","status":"publish","type":"product","link":"https:\/\/roigk.de\/fr\/e-soupape-de-retenue-pour-pompe-a-poignee-ou-machine-a-actionner\/","title":{"rendered":"E# Soupape de retenue (pour pompe \u00e0 poign\u00e9e ou machine \u00e0 actionner)"},"content":{"rendered":"","protected":false},"excerpt":{"rendered":"<p>Mat\u00e9riau : laiton<br \/>incl. arc de 90 degr\u00e9s<\/p>\n","protected":false},"featured_media":9340,"template":"","meta":{"_acf_changed":false},"product_brand":[],"product_cat":[137],"product_tag":[],"class_list":{"0":"post-16940","1":"product","2":"type-product","3":"status-publish","4":"has-post-thumbnail","6":"product_cat-attractions-et-cols-de-cygne-pieces-detachees","8":"first","9":"instock","10":"taxable","11":"shipping-taxable","12":"purchasable","13":"product-type-simple"},"acf":[],"_links":{"self":[{"href":"https:\/\/roigk.de\/fr\/wp-json\/wp\/v2\/product\/16940","targetHints":{"allow":["GET"]}}],"collection":[{"href":"https:\/\/roigk.de\/fr\/wp-json\/wp\/v2\/product"}],"about":[{"href":"https:\/\/roigk.de\/fr\/wp-json\/wp\/v2\/types\/product"}],"wp:featuredmedia":[{"embeddable":true,"href":"https:\/\/roigk.de\/fr\/wp-json\/wp\/v2\/media\/9340"}],"wp:attachment":[{"href":"https:\/\/roigk.de\/fr\/wp-json\/wp\/v2\/media?parent=16940"}],"wp:term":[{"taxonomy":"product_brand","embeddable":true,"href":"https:\/\/roigk.de\/fr\/wp-json\/wp\/v2\/product_brand?post=16940"},{"taxonomy":"product_cat","embeddable":true,"href":"https:\/\/roigk.de\/fr\/wp-json\/wp\/v2\/product_cat?post=16940"},{"taxonomy":"product_tag","embeddable":true,"href":"https:\/\/roigk.de\/fr\/wp-json\/wp\/v2\/product_tag?post=16940"}],"curies":[{"name":"wp","href":"https:\/\/api.w.org\/{rel}","templated":true}]}}