{"id":16948,"date":"2020-07-28T13:50:20","date_gmt":"2021-01-19T22:50:57","guid":{"rendered":"http:\/\/roigk.de\/produkt\/e-revetement-de-plot-de-depart-avec-cale-reglable-wvk-pour-plots-de-depart-r1680wvk-r1699wvk-et-r1609wvk-2\/"},"modified":"2025-01-27T12:16:55","modified_gmt":"2025-01-27T12:16:55","slug":"e-revetement-de-plot-de-depart-avec-cale-reglable-wvk-pour-plots-de-depart-r1680wvk-r1699wvk-et-r1609wvk-2","status":"publish","type":"product","link":"https:\/\/roigk.de\/fr\/e-revetement-de-plot-de-depart-avec-cale-reglable-wvk-pour-plots-de-depart-r1680wvk-r1699wvk-et-r1609wvk-2\/","title":{"rendered":"E# Rev\u00eatement de plot de d\u00e9part avec cale r\u00e9glable WVK (pour plots de d\u00e9part R1680WVK, R1699WVK et R1609WVK)"},"content":{"rendered":"","protected":false},"excerpt":{"rendered":"<p><span>Version standard selon l&#8217;illustration<\/span><br \/><span>Avec des boulons filet\u00e9s M8 lamin\u00e9s<\/span><br \/><span>En plastique antid\u00e9rapant renforc\u00e9 de fibres de verre (GfK) Classe de glissement C<\/span><br \/><span>Selon la FINA<\/span><br \/><span>Environ 700 x 500 mm<\/span><br \/><span>y compris les vis<\/span><b><\/b><i><\/i><\/p>\n","protected":false},"featured_media":14310,"template":"","meta":{"_acf_changed":false},"product_brand":[],"product_cat":[149],"product_tag":[],"class_list":{"0":"post-16948","1":"product","2":"type-product","3":"status-publish","4":"has-post-thumbnail","6":"product_cat-plot-de-depart-pieces-detachees","8":"first","9":"instock","10":"taxable","11":"shipping-taxable","12":"purchasable","13":"product-type-simple"},"acf":[],"_links":{"self":[{"href":"https:\/\/roigk.de\/fr\/wp-json\/wp\/v2\/product\/16948","targetHints":{"allow":["GET"]}}],"collection":[{"href":"https:\/\/roigk.de\/fr\/wp-json\/wp\/v2\/product"}],"about":[{"href":"https:\/\/roigk.de\/fr\/wp-json\/wp\/v2\/types\/product"}],"wp:featuredmedia":[{"embeddable":true,"href":"https:\/\/roigk.de\/fr\/wp-json\/wp\/v2\/media\/14310"}],"wp:attachment":[{"href":"https:\/\/roigk.de\/fr\/wp-json\/wp\/v2\/media?parent=16948"}],"wp:term":[{"taxonomy":"product_brand","embeddable":true,"href":"https:\/\/roigk.de\/fr\/wp-json\/wp\/v2\/product_brand?post=16948"},{"taxonomy":"product_cat","embeddable":true,"href":"https:\/\/roigk.de\/fr\/wp-json\/wp\/v2\/product_cat?post=16948"},{"taxonomy":"product_tag","embeddable":true,"href":"https:\/\/roigk.de\/fr\/wp-json\/wp\/v2\/product_tag?post=16948"}],"curies":[{"name":"wp","href":"https:\/\/api.w.org\/{rel}","templated":true}]}}