{"id":16956,"date":"2020-07-20T15:27:09","date_gmt":"2020-07-20T15:27:09","guid":{"rendered":"http:\/\/roigk.de\/produkt\/herbe-des-dunes-sauvages-r201815-80\/"},"modified":"2026-01-21T08:59:16","modified_gmt":"2026-01-21T08:59:16","slug":"herbe-des-dunes-sauvages-r201815-80","status":"publish","type":"product","link":"https:\/\/roigk.de\/fr\/herbe-des-dunes-sauvages-r201815-80\/","title":{"rendered":"Oyats sauvages R201815-80"},"content":{"rendered":"","protected":false},"excerpt":{"rendered":"<p>Il y a beaucoup d&#8217;eau pour jouer. Deux grandes buses \u00e0 jets multiples permettent de r\u00e9gler les param\u00e8tres.<\/p>\n<p>Hauteur : 560 mm<br \/>Quantit\u00e9 d&#8217;eau : 10 \u00e0 15 l\/min<br \/>Pression de l&#8217;eau : 0,05 \u00e0 0,1 bar<br \/>Groupe cible : enfants et nourrissons<br \/>Positionnement : au bord des bassins pour enfants en bas \u00e2ge qui \u00e9claboussent dans la piscine<br \/>Mat\u00e9riau : acier inoxydable V4A (1.4571)<\/p>\n","protected":false},"featured_media":12149,"template":"","meta":{"_acf_changed":false},"product_brand":[],"product_cat":[308],"product_tag":[],"class_list":{"0":"post-16956","1":"product","2":"type-product","3":"status-publish","4":"has-post-thumbnail","6":"product_cat-gargouilles-pour-les-piscines-des-tout-petits","8":"first","9":"instock","10":"taxable","11":"shipping-taxable","12":"purchasable","13":"product-type-simple"},"acf":[],"_links":{"self":[{"href":"https:\/\/roigk.de\/fr\/wp-json\/wp\/v2\/product\/16956","targetHints":{"allow":["GET"]}}],"collection":[{"href":"https:\/\/roigk.de\/fr\/wp-json\/wp\/v2\/product"}],"about":[{"href":"https:\/\/roigk.de\/fr\/wp-json\/wp\/v2\/types\/product"}],"wp:featuredmedia":[{"embeddable":true,"href":"https:\/\/roigk.de\/fr\/wp-json\/wp\/v2\/media\/12149"}],"wp:attachment":[{"href":"https:\/\/roigk.de\/fr\/wp-json\/wp\/v2\/media?parent=16956"}],"wp:term":[{"taxonomy":"product_brand","embeddable":true,"href":"https:\/\/roigk.de\/fr\/wp-json\/wp\/v2\/product_brand?post=16956"},{"taxonomy":"product_cat","embeddable":true,"href":"https:\/\/roigk.de\/fr\/wp-json\/wp\/v2\/product_cat?post=16956"},{"taxonomy":"product_tag","embeddable":true,"href":"https:\/\/roigk.de\/fr\/wp-json\/wp\/v2\/product_tag?post=16956"}],"curies":[{"name":"wp","href":"https:\/\/api.w.org\/{rel}","templated":true}]}}