{"id":16968,"date":"2020-07-20T15:15:44","date_gmt":"2020-07-20T15:15:44","guid":{"rendered":"http:\/\/roigk.de\/produkt\/z-panneau-ferme-r771154e-pour-plots-de-depart\/"},"modified":"2026-01-21T08:44:05","modified_gmt":"2026-01-21T08:44:05","slug":"z-panneau-ferme-r771154e-pour-plots-de-depart","status":"publish","type":"product","link":"https:\/\/roigk.de\/fr\/z-panneau-ferme-r771154e-pour-plots-de-depart\/","title":{"rendered":"Z# Panneau \u00ab\u00a0FERME\u00a0\u00bb R771154E (pour plots de d\u00e9part)"},"content":{"rendered":"","protected":false},"excerpt":{"rendered":"<p>En t\u00f4le d&#8217;acier inoxydable pli\u00e9e (2 mm) avec autocollant &#8220;FERME&#8221; \u00e0 placer sur le plot de d\u00e9part.<\/p>\n<p>Dimensions : 500 x 120 x 120 mm<br \/>Mat\u00e9riau : acier inoxydable V4A (1.4571) sabl\u00e9 et \u00e9lectropoli<\/p>\n","protected":false},"featured_media":11568,"template":"","meta":{"_acf_changed":false},"product_brand":[],"product_cat":[165,149],"product_tag":[],"class_list":{"0":"post-16968","1":"product","2":"type-product","3":"status-publish","4":"has-post-thumbnail","6":"product_cat-plot-de-depart","7":"product_cat-plot-de-depart-pieces-detachees","9":"first","10":"instock","11":"taxable","12":"shipping-taxable","13":"purchasable","14":"product-type-simple"},"acf":[],"_links":{"self":[{"href":"https:\/\/roigk.de\/fr\/wp-json\/wp\/v2\/product\/16968","targetHints":{"allow":["GET"]}}],"collection":[{"href":"https:\/\/roigk.de\/fr\/wp-json\/wp\/v2\/product"}],"about":[{"href":"https:\/\/roigk.de\/fr\/wp-json\/wp\/v2\/types\/product"}],"wp:featuredmedia":[{"embeddable":true,"href":"https:\/\/roigk.de\/fr\/wp-json\/wp\/v2\/media\/11568"}],"wp:attachment":[{"href":"https:\/\/roigk.de\/fr\/wp-json\/wp\/v2\/media?parent=16968"}],"wp:term":[{"taxonomy":"product_brand","embeddable":true,"href":"https:\/\/roigk.de\/fr\/wp-json\/wp\/v2\/product_brand?post=16968"},{"taxonomy":"product_cat","embeddable":true,"href":"https:\/\/roigk.de\/fr\/wp-json\/wp\/v2\/product_cat?post=16968"},{"taxonomy":"product_tag","embeddable":true,"href":"https:\/\/roigk.de\/fr\/wp-json\/wp\/v2\/product_tag?post=16968"}],"curies":[{"name":"wp","href":"https:\/\/api.w.org\/{rel}","templated":true}]}}