{"id":16970,"date":"2020-07-20T15:16:04","date_gmt":"2020-07-20T15:16:04","guid":{"rendered":"http:\/\/roigk.de\/produkt\/z-panneau-ferme-r771154p-pour-plots-de-depart\/"},"modified":"2026-01-21T08:44:13","modified_gmt":"2026-01-21T08:44:13","slug":"z-panneau-ferme-r771154p-pour-plots-de-depart","status":"publish","type":"product","link":"https:\/\/roigk.de\/fr\/z-panneau-ferme-r771154p-pour-plots-de-depart\/","title":{"rendered":"Z# Panneau  \u00ab\u00a0FERME\u00a0\u00bb R771154P (pour plots de d\u00e9part)"},"content":{"rendered":"","protected":false},"excerpt":{"rendered":"<p>En plexiglas pli\u00e9, avec autocollant &#8220;FERME&#8221; \u00e0 placer sur le plot de d\u00e9part.<\/p>\n<p>Dimensions : 500 x 120 x 120 mm<br \/>Mat\u00e9riau : Plexiglas<\/p>\n","protected":false},"featured_media":11573,"template":"","meta":{"_acf_changed":false},"product_brand":[],"product_cat":[165,149],"product_tag":[],"class_list":{"0":"post-16970","1":"product","2":"type-product","3":"status-publish","4":"has-post-thumbnail","6":"product_cat-plot-de-depart","7":"product_cat-plot-de-depart-pieces-detachees","9":"first","10":"instock","11":"taxable","12":"shipping-taxable","13":"purchasable","14":"product-type-simple"},"acf":[],"_links":{"self":[{"href":"https:\/\/roigk.de\/fr\/wp-json\/wp\/v2\/product\/16970","targetHints":{"allow":["GET"]}}],"collection":[{"href":"https:\/\/roigk.de\/fr\/wp-json\/wp\/v2\/product"}],"about":[{"href":"https:\/\/roigk.de\/fr\/wp-json\/wp\/v2\/types\/product"}],"wp:featuredmedia":[{"embeddable":true,"href":"https:\/\/roigk.de\/fr\/wp-json\/wp\/v2\/media\/11573"}],"wp:attachment":[{"href":"https:\/\/roigk.de\/fr\/wp-json\/wp\/v2\/media?parent=16970"}],"wp:term":[{"taxonomy":"product_brand","embeddable":true,"href":"https:\/\/roigk.de\/fr\/wp-json\/wp\/v2\/product_brand?post=16970"},{"taxonomy":"product_cat","embeddable":true,"href":"https:\/\/roigk.de\/fr\/wp-json\/wp\/v2\/product_cat?post=16970"},{"taxonomy":"product_tag","embeddable":true,"href":"https:\/\/roigk.de\/fr\/wp-json\/wp\/v2\/product_tag?post=16970"}],"curies":[{"name":"wp","href":"https:\/\/api.w.org\/{rel}","templated":true}]}}