{"id":16978,"date":"2021-01-19T22:52:31","date_gmt":"2021-01-19T22:52:31","guid":{"rendered":"http:\/\/roigk.de\/produkt\/toboggan-serpent-kobri-fibre-de-verre-r202005-10\/"},"modified":"2026-01-21T08:44:24","modified_gmt":"2026-01-21T08:44:24","slug":"toboggan-serpent-kobri-fibre-de-verre-r202005-10","status":"publish","type":"product","link":"https:\/\/roigk.de\/fr\/toboggan-serpent-kobri-fibre-de-verre-r202005-10\/","title":{"rendered":"Toboggan serpent Kobri fibre de verre R202005-10"},"content":{"rendered":"","protected":false},"excerpt":{"rendered":"<p>Le toboggan aquatique au design de serpent est rond et ferm\u00e9 de tous les c\u00f4t\u00e9s. La mont\u00e9e de s\u00e9curit\u00e9 avec de grandes marches antid\u00e9rapantes est accompagn\u00e9e de mains courantes adapt\u00e9es aux enfants et se termine en haut par une haute balustrade de chute sur la plate-forme.<\/p>\n<p>Classification selon la norme DIN EN 1069 : type 2.2<br \/>Dimensions (L\/L\/H) : env. 3.200 x 3.050 x 2.900 mm<br \/>Hauteur de la plate-forme : env. 1.900 mm<br \/>D\u00e9bit d&rsquo;eau : env. 5 &#8211; 10 l\/min<br \/>Mat\u00e9riau : plastique renforc\u00e9 de fibres de verre (GRP), acier inoxydable V4A (1.4571)<br \/>Groupe cible : enfants et petits enfants<br \/>positionnement :<br \/>dans le bassin avec WT = env. 300 \u00e0 400 mm ou<br \/>au bord du bassin avec WT = \u00e0 partir d&rsquo;environ 700 mm<\/p>\n","protected":false},"featured_media":26127,"template":"","meta":{"_acf_changed":false},"product_brand":[],"product_cat":[191],"product_tag":[],"class_list":{"0":"post-16978","1":"product","2":"type-product","3":"status-publish","4":"has-post-thumbnail","6":"product_cat-toboggans-aquatiques-rapides-et-colores","8":"first","9":"instock","10":"taxable","11":"shipping-taxable","12":"purchasable","13":"product-type-simple"},"acf":[],"_links":{"self":[{"href":"https:\/\/roigk.de\/fr\/wp-json\/wp\/v2\/product\/16978","targetHints":{"allow":["GET"]}}],"collection":[{"href":"https:\/\/roigk.de\/fr\/wp-json\/wp\/v2\/product"}],"about":[{"href":"https:\/\/roigk.de\/fr\/wp-json\/wp\/v2\/types\/product"}],"wp:featuredmedia":[{"embeddable":true,"href":"https:\/\/roigk.de\/fr\/wp-json\/wp\/v2\/media\/26127"}],"wp:attachment":[{"href":"https:\/\/roigk.de\/fr\/wp-json\/wp\/v2\/media?parent=16978"}],"wp:term":[{"taxonomy":"product_brand","embeddable":true,"href":"https:\/\/roigk.de\/fr\/wp-json\/wp\/v2\/product_brand?post=16978"},{"taxonomy":"product_cat","embeddable":true,"href":"https:\/\/roigk.de\/fr\/wp-json\/wp\/v2\/product_cat?post=16978"},{"taxonomy":"product_tag","embeddable":true,"href":"https:\/\/roigk.de\/fr\/wp-json\/wp\/v2\/product_tag?post=16978"}],"curies":[{"name":"wp","href":"https:\/\/api.w.org\/{rel}","templated":true}]}}