{"id":16980,"date":"2020-07-20T14:16:04","date_gmt":"2020-07-20T14:16:04","guid":{"rendered":"http:\/\/roigk.de\/produkt\/pompe-a-levier-r201605-30-auto-amorcage\/"},"modified":"2026-01-21T08:44:31","modified_gmt":"2026-01-21T08:44:31","slug":"pompe-a-levier-r201605-30-auto-amorcage","status":"publish","type":"product","link":"https:\/\/roigk.de\/fr\/pompe-a-levier-r201605-30-auto-amorcage\/","title":{"rendered":"Pompe \u00e0 eau manuelle R201605-30 (auto-amor\u00e7age)"},"content":{"rendered":"","protected":false},"excerpt":{"rendered":"<p>Pompe \u00e0 levier en acier inoxydable enti\u00e8rement fonctionnelle, qui aspire&nbsp;<span>elle-m\u00eame<\/span>&nbsp;l&#8217;eau .<\/p>\n<p>Hauteur, base comprise : 1.300 mm<br \/>Groupe cible : enfants<br \/>Placement : dans la piscine pour enfants (WT = environ 100 \u00e0 250 mm)<br \/>Mat\u00e9riau : acier inoxydable V4A (1.4571)<\/p>\n","protected":false},"featured_media":8378,"template":"","meta":{"_acf_changed":false},"product_brand":[],"product_cat":[170],"product_tag":[],"class_list":{"0":"post-16980","1":"product","2":"type-product","3":"status-publish","4":"has-post-thumbnail","6":"product_cat-craft-action-interactive","8":"first","9":"instock","10":"taxable","11":"shipping-taxable","12":"purchasable","13":"product-type-simple"},"acf":[],"_links":{"self":[{"href":"https:\/\/roigk.de\/fr\/wp-json\/wp\/v2\/product\/16980","targetHints":{"allow":["GET"]}}],"collection":[{"href":"https:\/\/roigk.de\/fr\/wp-json\/wp\/v2\/product"}],"about":[{"href":"https:\/\/roigk.de\/fr\/wp-json\/wp\/v2\/types\/product"}],"wp:featuredmedia":[{"embeddable":true,"href":"https:\/\/roigk.de\/fr\/wp-json\/wp\/v2\/media\/8378"}],"wp:attachment":[{"href":"https:\/\/roigk.de\/fr\/wp-json\/wp\/v2\/media?parent=16980"}],"wp:term":[{"taxonomy":"product_brand","embeddable":true,"href":"https:\/\/roigk.de\/fr\/wp-json\/wp\/v2\/product_brand?post=16980"},{"taxonomy":"product_cat","embeddable":true,"href":"https:\/\/roigk.de\/fr\/wp-json\/wp\/v2\/product_cat?post=16980"},{"taxonomy":"product_tag","embeddable":true,"href":"https:\/\/roigk.de\/fr\/wp-json\/wp\/v2\/product_tag?post=16980"}],"curies":[{"name":"wp","href":"https:\/\/api.w.org\/{rel}","templated":true}]}}