{"id":16982,"date":"2020-07-20T14:44:12","date_gmt":"2020-07-20T14:44:12","guid":{"rendered":"http:\/\/roigk.de\/produkt\/pompe-a-levier-r201605-40-pour-le-raccordement-a-leau\/"},"modified":"2026-01-21T08:44:38","modified_gmt":"2026-01-21T08:44:38","slug":"pompe-a-levier-r201605-40-pour-le-raccordement-a-leau","status":"publish","type":"product","link":"https:\/\/roigk.de\/fr\/pompe-a-levier-r201605-40-pour-le-raccordement-a-leau\/","title":{"rendered":"Pompe \u00e0 eau manuelle avec conduite R201605-40 (pour le raccordement \u00e0 l&rsquo;eau)"},"content":{"rendered":"","protected":false},"excerpt":{"rendered":"<p>La nouvelle version de la pompe \u00e0 levier est raccord\u00e9e \u00e0 une conduite d&#8217;eau propre. Un r\u00e9servoir int\u00e9gr\u00e9 \u00e0 la pompe se remplit d&#8217;eau douce. L&#8217;eau douce est pomp\u00e9e hors du r\u00e9servoir. Il n&#8217;y a pas de diff\u00e9rence avec une pompe \u00e0 poign\u00e9e auto-amor\u00e7ante normale. Pour des raisons d&#8217;hygi\u00e8ne, le conteneur se vide lorsqu&#8217;il n&#8217;est pas utilis\u00e9, de sorte qu&#8217;il ne reste pas d&#8217;eau \u00e0 la surface !<\/p>\n<p>Hauteur, base comprise : 1.330 mm<br \/>D\u00e9bit d&#8217;eau : 5 \u00e0 10 l\/min<br \/>Pression de l&#8217;eau : 1 \u00e0 2 bar<br \/>Groupe cible : enfants<br \/>Placement : au bord de la piscine ou de l&#8217;espace aquatique<br \/>Mat\u00e9riau : acier inoxydable V4A (1.4571)<\/p>\n","protected":false},"featured_media":10491,"template":"","meta":{"_acf_changed":false},"product_brand":[],"product_cat":[170],"product_tag":[],"class_list":{"0":"post-16982","1":"product","2":"type-product","3":"status-publish","4":"has-post-thumbnail","6":"product_cat-craft-action-interactive","8":"first","9":"instock","10":"taxable","11":"shipping-taxable","12":"purchasable","13":"product-type-simple"},"acf":[],"_links":{"self":[{"href":"https:\/\/roigk.de\/fr\/wp-json\/wp\/v2\/product\/16982","targetHints":{"allow":["GET"]}}],"collection":[{"href":"https:\/\/roigk.de\/fr\/wp-json\/wp\/v2\/product"}],"about":[{"href":"https:\/\/roigk.de\/fr\/wp-json\/wp\/v2\/types\/product"}],"wp:featuredmedia":[{"embeddable":true,"href":"https:\/\/roigk.de\/fr\/wp-json\/wp\/v2\/media\/10491"}],"wp:attachment":[{"href":"https:\/\/roigk.de\/fr\/wp-json\/wp\/v2\/media?parent=16982"}],"wp:term":[{"taxonomy":"product_brand","embeddable":true,"href":"https:\/\/roigk.de\/fr\/wp-json\/wp\/v2\/product_brand?post=16982"},{"taxonomy":"product_cat","embeddable":true,"href":"https:\/\/roigk.de\/fr\/wp-json\/wp\/v2\/product_cat?post=16982"},{"taxonomy":"product_tag","embeddable":true,"href":"https:\/\/roigk.de\/fr\/wp-json\/wp\/v2\/product_tag?post=16982"}],"curies":[{"name":"wp","href":"https:\/\/api.w.org\/{rel}","templated":true}]}}