{"id":16984,"date":"2020-07-20T14:16:37","date_gmt":"2020-07-20T14:16:37","guid":{"rendered":"http:\/\/roigk.de\/produkt\/e-pomme-de-douche-pivotante-r86122-pour-r43-r43d-r43k\/"},"modified":"2026-01-21T08:44:45","modified_gmt":"2026-01-21T08:44:45","slug":"e-pomme-de-douche-pivotante-r86122-pour-r43-r43d-r43k","status":"publish","type":"product","link":"https:\/\/roigk.de\/fr\/e-pomme-de-douche-pivotante-r86122-pour-r43-r43d-r43k\/","title":{"rendered":"E# Pomme de douche pivotante R86122 (pour R43, R43D, R43K)"},"content":{"rendered":"","protected":false},"excerpt":{"rendered":"<p><span>&#8211; avec jets d&#8217;eau parall\u00e8les<\/span><br \/><span>&#8211; similaire au mod\u00e8le R86120 mais en plastique, chrom\u00e9, orientable \u00e0 la main dans toutes les directions<br \/><\/span><span>&#8211; convient pour toutes les douches standard R43<\/span><b><\/b><i><\/i><\/p>\n","protected":false},"featured_media":8399,"template":"","meta":{"_acf_changed":false},"product_brand":[],"product_cat":[139],"product_tag":[],"class_list":{"0":"post-16984","1":"product","2":"type-product","3":"status-publish","4":"has-post-thumbnail","6":"product_cat-douches-pieces-detachees","8":"first","9":"instock","10":"taxable","11":"shipping-taxable","12":"purchasable","13":"product-type-simple"},"acf":[],"_links":{"self":[{"href":"https:\/\/roigk.de\/fr\/wp-json\/wp\/v2\/product\/16984","targetHints":{"allow":["GET"]}}],"collection":[{"href":"https:\/\/roigk.de\/fr\/wp-json\/wp\/v2\/product"}],"about":[{"href":"https:\/\/roigk.de\/fr\/wp-json\/wp\/v2\/types\/product"}],"wp:featuredmedia":[{"embeddable":true,"href":"https:\/\/roigk.de\/fr\/wp-json\/wp\/v2\/media\/8399"}],"wp:attachment":[{"href":"https:\/\/roigk.de\/fr\/wp-json\/wp\/v2\/media?parent=16984"}],"wp:term":[{"taxonomy":"product_brand","embeddable":true,"href":"https:\/\/roigk.de\/fr\/wp-json\/wp\/v2\/product_brand?post=16984"},{"taxonomy":"product_cat","embeddable":true,"href":"https:\/\/roigk.de\/fr\/wp-json\/wp\/v2\/product_cat?post=16984"},{"taxonomy":"product_tag","embeddable":true,"href":"https:\/\/roigk.de\/fr\/wp-json\/wp\/v2\/product_tag?post=16984"}],"curies":[{"name":"wp","href":"https:\/\/api.w.org\/{rel}","templated":true}]}}