{"id":16990,"date":"2020-07-20T14:51:03","date_gmt":"2021-01-19T22:53:25","guid":{"rendered":"http:\/\/roigk.de\/produkt\/escalier-de-la-piscine-r300\/"},"modified":"2021-08-18T12:40:23","modified_gmt":"2021-08-18T12:40:23","slug":"escalier-de-la-piscine-r300","status":"publish","type":"product","link":"https:\/\/roigk.de\/fr\/escalier-de-la-piscine-r300\/","title":{"rendered":"Escalier de la piscine R300"},"content":{"rendered":"","protected":false},"excerpt":{"rendered":"<p>Les escaliers sont toujours adapt\u00e9s aux conditions locales et sont \u00e9quip\u00e9s en standard d&#8217;une main courante avec rampe pour les genoux. Il se place dans la piscine sur des tampons en caoutchouc et sur le bord de la piscine dans des douilles de sol, qui peuvent \u00eatre \u00e9quip\u00e9es en option d&#8217;une bride d&#8217;\u00e9tanch\u00e9it\u00e9 pour une \u00e9tanch\u00e9it\u00e9 alternative. Pour am\u00e9liorer la visibilit\u00e9 et la r\u00e9sistance au glissement des bords des marches, elles peuvent \u00eatre \u00e9quip\u00e9es d&#8217;un bord de marche ponc\u00e9 dans une couleur de signalisation,&nbsp;<span>jaune&nbsp;<\/span>par exemple. Disponible en option avec une protection sous-marine. En option, nous proposons l&#8217;escalier en acier inoxydable 1.4539 pour les piscines \u00e0 saumure, pour une r\u00e9sistance particuli\u00e8re \u00e0 la corrosion.<\/p>\n<p>Norme : DIN EN 13451-2<\/p>\n<p>\u00c9chelons : 600 x 250 mm, 800 x 250 mm ou 1 000 x 250 mm avec profilage antid\u00e9rapant des trous de buse<br \/>Groupe cible : nageurs plus \u00e2g\u00e9s pour lesquels une \u00e9chelle est trop raide<br \/>Positionnement : au bord du bassin dans les piscines publiques ou priv\u00e9es (publiques uniquement avec des marches de 800 ou 1 000 mm de large)<br \/>Mat\u00e9riau : acier inoxydable V4A (1.4571) ou (1.4539)<\/p>\n","protected":false},"featured_media":11044,"template":"","meta":{"_acf_changed":false},"product_brand":[],"product_cat":[166],"product_tag":[],"class_list":{"0":"post-16990","1":"product","2":"type-product","3":"status-publish","4":"has-post-thumbnail","6":"product_cat-escaliers-garde-corps-et-echelles","8":"first","9":"instock","10":"taxable","11":"shipping-taxable","12":"product-type-simple"},"acf":[],"_links":{"self":[{"href":"https:\/\/roigk.de\/fr\/wp-json\/wp\/v2\/product\/16990","targetHints":{"allow":["GET"]}}],"collection":[{"href":"https:\/\/roigk.de\/fr\/wp-json\/wp\/v2\/product"}],"about":[{"href":"https:\/\/roigk.de\/fr\/wp-json\/wp\/v2\/types\/product"}],"wp:featuredmedia":[{"embeddable":true,"href":"https:\/\/roigk.de\/fr\/wp-json\/wp\/v2\/media\/11044"}],"wp:attachment":[{"href":"https:\/\/roigk.de\/fr\/wp-json\/wp\/v2\/media?parent=16990"}],"wp:term":[{"taxonomy":"product_brand","embeddable":true,"href":"https:\/\/roigk.de\/fr\/wp-json\/wp\/v2\/product_brand?post=16990"},{"taxonomy":"product_cat","embeddable":true,"href":"https:\/\/roigk.de\/fr\/wp-json\/wp\/v2\/product_cat?post=16990"},{"taxonomy":"product_tag","embeddable":true,"href":"https:\/\/roigk.de\/fr\/wp-json\/wp\/v2\/product_tag?post=16990"}],"curies":[{"name":"wp","href":"https:\/\/api.w.org\/{rel}","templated":true}]}}