{"id":16994,"date":"2020-07-20T14:28:36","date_gmt":"2020-07-20T14:28:36","guid":{"rendered":"http:\/\/roigk.de\/produkt\/e-pince-de-corde-intermediaire-de-securite-pour-les-lignes-flottantes-et-cordon-de-separation-r893te\/"},"modified":"2026-01-21T08:45:19","modified_gmt":"2026-01-21T08:45:19","slug":"e-pince-de-corde-intermediaire-de-securite-pour-les-lignes-flottantes-et-cordon-de-separation-r893te","status":"publish","type":"product","link":"https:\/\/roigk.de\/fr\/e-pince-de-corde-intermediaire-de-securite-pour-les-lignes-flottantes-et-cordon-de-separation-r893te\/","title":{"rendered":"E# Pince de corde\/interm\u00e9diaire de s\u00e9curit\u00e9 (pour les lignes flottantes et cordon de s\u00e9paration R893TE)"},"content":{"rendered":"","protected":false},"excerpt":{"rendered":"<p>Mat\u00e9riau: acier inoxydable V4A<\/p>\n","protected":false},"featured_media":9192,"template":"","meta":{"_acf_changed":false},"product_brand":[],"product_cat":[141],"product_tag":[],"class_list":{"0":"post-16994","1":"product","2":"type-product","3":"status-publish","4":"has-post-thumbnail","6":"product_cat-lignes-pieces-detachees","8":"first","9":"instock","10":"taxable","11":"shipping-taxable","12":"purchasable","13":"product-type-simple"},"acf":[],"_links":{"self":[{"href":"https:\/\/roigk.de\/fr\/wp-json\/wp\/v2\/product\/16994","targetHints":{"allow":["GET"]}}],"collection":[{"href":"https:\/\/roigk.de\/fr\/wp-json\/wp\/v2\/product"}],"about":[{"href":"https:\/\/roigk.de\/fr\/wp-json\/wp\/v2\/types\/product"}],"wp:featuredmedia":[{"embeddable":true,"href":"https:\/\/roigk.de\/fr\/wp-json\/wp\/v2\/media\/9192"}],"wp:attachment":[{"href":"https:\/\/roigk.de\/fr\/wp-json\/wp\/v2\/media?parent=16994"}],"wp:term":[{"taxonomy":"product_brand","embeddable":true,"href":"https:\/\/roigk.de\/fr\/wp-json\/wp\/v2\/product_brand?post=16994"},{"taxonomy":"product_cat","embeddable":true,"href":"https:\/\/roigk.de\/fr\/wp-json\/wp\/v2\/product_cat?post=16994"},{"taxonomy":"product_tag","embeddable":true,"href":"https:\/\/roigk.de\/fr\/wp-json\/wp\/v2\/product_tag?post=16994"}],"curies":[{"name":"wp","href":"https:\/\/api.w.org\/{rel}","templated":true}]}}