{"id":16996,"date":"2020-07-20T14:33:46","date_gmt":"2021-01-19T22:53:50","guid":{"rendered":"http:\/\/roigk.de\/produkt\/rambarde-laterale-r771177\/"},"modified":"2021-08-18T12:40:56","modified_gmt":"2021-08-18T12:40:56","slug":"rambarde-laterale-r771177","status":"publish","type":"product","link":"https:\/\/roigk.de\/fr\/rambarde-laterale-r771177\/","title":{"rendered":"Rambarde lat\u00e9rale R771177"},"content":{"rendered":"","protected":false},"excerpt":{"rendered":"<p>Selon la r\u00e9glementation GUV, les escaliers dans les zones mouill\u00e9es pieds nus doivent avoir une main courante \u00e0 partir de 2 marches et au moins deux mains courantes \u00e0 partir de 1 500 mm de largeur. Au bord de la piscine, des dispositifs de protection contre les chutes avec main courante et genouill\u00e8re doivent emp\u00eacher les chutes sur la rampe de l&#8217;escalier.&nbsp;<\/p>\n<p>Fabriqu\u00e9 en tube de 40 x 2 mm.<br \/>Positionnement : par exemple sur les deux c\u00f4t\u00e9s ext\u00e9rieurs des escaliers dans les piscines d&#8217;entra\u00eenement<br \/>Mat\u00e9riau : acier inoxydable V4A (1.4571 ou optionnellement 1.4539)<\/p>\n","protected":false},"featured_media":9623,"template":"","meta":{"_acf_changed":false},"product_brand":[],"product_cat":[166],"product_tag":[],"class_list":{"0":"post-16996","1":"product","2":"type-product","3":"status-publish","4":"has-post-thumbnail","6":"product_cat-escaliers-garde-corps-et-echelles","8":"first","9":"instock","10":"taxable","11":"shipping-taxable","12":"product-type-simple"},"acf":[],"_links":{"self":[{"href":"https:\/\/roigk.de\/fr\/wp-json\/wp\/v2\/product\/16996","targetHints":{"allow":["GET"]}}],"collection":[{"href":"https:\/\/roigk.de\/fr\/wp-json\/wp\/v2\/product"}],"about":[{"href":"https:\/\/roigk.de\/fr\/wp-json\/wp\/v2\/types\/product"}],"wp:featuredmedia":[{"embeddable":true,"href":"https:\/\/roigk.de\/fr\/wp-json\/wp\/v2\/media\/9623"}],"wp:attachment":[{"href":"https:\/\/roigk.de\/fr\/wp-json\/wp\/v2\/media?parent=16996"}],"wp:term":[{"taxonomy":"product_brand","embeddable":true,"href":"https:\/\/roigk.de\/fr\/wp-json\/wp\/v2\/product_brand?post=16996"},{"taxonomy":"product_cat","embeddable":true,"href":"https:\/\/roigk.de\/fr\/wp-json\/wp\/v2\/product_cat?post=16996"},{"taxonomy":"product_tag","embeddable":true,"href":"https:\/\/roigk.de\/fr\/wp-json\/wp\/v2\/product_tag?post=16996"}],"curies":[{"name":"wp","href":"https:\/\/api.w.org\/{rel}","templated":true}]}}