{"id":17000,"date":"2020-07-20T14:34:15","date_gmt":"2020-07-20T14:34:15","guid":{"rendered":"http:\/\/roigk.de\/produkt\/e-rouleau-tendeur-r771252-24-pour-le-reglage-du-rouleau\/"},"modified":"2026-01-21T08:45:32","modified_gmt":"2026-01-21T08:45:32","slug":"e-rouleau-tendeur-r771252-24-pour-le-reglage-du-rouleau","status":"publish","type":"product","link":"https:\/\/roigk.de\/fr\/e-rouleau-tendeur-r771252-24-pour-le-reglage-du-rouleau\/","title":{"rendered":"E# Rouleau tendeur R771252-24 (pour le r\u00e9glage du rouleau)"},"content":{"rendered":"","protected":false},"excerpt":{"rendered":"<p>conform\u00e9ment \u00e0 l&#8217;illustration, sans autres accessoires<\/p>\n","protected":false},"featured_media":27138,"template":"","meta":{"_acf_changed":false},"product_brand":[],"product_cat":[147],"product_tag":[],"class_list":{"0":"post-17000","1":"product","2":"type-product","3":"status-publish","4":"has-post-thumbnail","6":"product_cat-plongeoirs-pieces-detachees","8":"first","9":"instock","10":"taxable","11":"shipping-taxable","12":"purchasable","13":"product-type-simple"},"acf":[],"_links":{"self":[{"href":"https:\/\/roigk.de\/fr\/wp-json\/wp\/v2\/product\/17000","targetHints":{"allow":["GET"]}}],"collection":[{"href":"https:\/\/roigk.de\/fr\/wp-json\/wp\/v2\/product"}],"about":[{"href":"https:\/\/roigk.de\/fr\/wp-json\/wp\/v2\/types\/product"}],"wp:featuredmedia":[{"embeddable":true,"href":"https:\/\/roigk.de\/fr\/wp-json\/wp\/v2\/media\/27138"}],"wp:attachment":[{"href":"https:\/\/roigk.de\/fr\/wp-json\/wp\/v2\/media?parent=17000"}],"wp:term":[{"taxonomy":"product_brand","embeddable":true,"href":"https:\/\/roigk.de\/fr\/wp-json\/wp\/v2\/product_brand?post=17000"},{"taxonomy":"product_cat","embeddable":true,"href":"https:\/\/roigk.de\/fr\/wp-json\/wp\/v2\/product_cat?post=17000"},{"taxonomy":"product_tag","embeddable":true,"href":"https:\/\/roigk.de\/fr\/wp-json\/wp\/v2\/product_tag?post=17000"}],"curies":[{"name":"wp","href":"https:\/\/api.w.org\/{rel}","templated":true}]}}