{"id":17004,"date":"2020-07-20T14:30:36","date_gmt":"2020-07-20T14:30:36","guid":{"rendered":"http:\/\/roigk.de\/produkt\/e-tendeur-avec-crochet-en-acier-inoxydable-pour-lignes-flottantes-et-cordons-de-separation-r863te\/"},"modified":"2026-01-21T08:45:44","modified_gmt":"2026-01-21T08:45:44","slug":"e-tendeur-avec-crochet-en-acier-inoxydable-pour-lignes-flottantes-et-cordons-de-separation-r863te","status":"publish","type":"product","link":"https:\/\/roigk.de\/fr\/e-tendeur-avec-crochet-en-acier-inoxydable-pour-lignes-flottantes-et-cordons-de-separation-r863te\/","title":{"rendered":"E# Tendeur avec crochet en acier inoxydable (pour lignes flottantes et cordons de s\u00e9paration) R863TE"},"content":{"rendered":"","protected":false},"excerpt":{"rendered":"<p><span>rouge<\/span><br \/><span>sans pince \u00e0 corde\/interm\u00e9diaire de s\u00e9curit\u00e9<\/span><b><\/b><i><\/i><\/p>\n","protected":false},"featured_media":9345,"template":"","meta":{"_acf_changed":false},"product_brand":[],"product_cat":[141],"product_tag":[],"class_list":{"0":"post-17004","1":"product","2":"type-product","3":"status-publish","4":"has-post-thumbnail","6":"product_cat-lignes-pieces-detachees","8":"first","9":"instock","10":"taxable","11":"shipping-taxable","12":"purchasable","13":"product-type-simple"},"acf":[],"_links":{"self":[{"href":"https:\/\/roigk.de\/fr\/wp-json\/wp\/v2\/product\/17004","targetHints":{"allow":["GET"]}}],"collection":[{"href":"https:\/\/roigk.de\/fr\/wp-json\/wp\/v2\/product"}],"about":[{"href":"https:\/\/roigk.de\/fr\/wp-json\/wp\/v2\/types\/product"}],"wp:featuredmedia":[{"embeddable":true,"href":"https:\/\/roigk.de\/fr\/wp-json\/wp\/v2\/media\/9345"}],"wp:attachment":[{"href":"https:\/\/roigk.de\/fr\/wp-json\/wp\/v2\/media?parent=17004"}],"wp:term":[{"taxonomy":"product_brand","embeddable":true,"href":"https:\/\/roigk.de\/fr\/wp-json\/wp\/v2\/product_brand?post=17004"},{"taxonomy":"product_cat","embeddable":true,"href":"https:\/\/roigk.de\/fr\/wp-json\/wp\/v2\/product_cat?post=17004"},{"taxonomy":"product_tag","embeddable":true,"href":"https:\/\/roigk.de\/fr\/wp-json\/wp\/v2\/product_tag?post=17004"}],"curies":[{"name":"wp","href":"https:\/\/api.w.org\/{rel}","templated":true}]}}