{"id":17012,"date":"2020-07-20T14:45:03","date_gmt":"2020-07-20T14:45:03","guid":{"rendered":"http:\/\/roigk.de\/produkt\/support-special-pour-bouee-de-sauvetage-et-perche-de-sauvetage-r771023\/"},"modified":"2026-01-21T08:45:54","modified_gmt":"2026-01-21T08:45:54","slug":"support-special-pour-bouee-de-sauvetage-et-perche-de-sauvetage-r771023","status":"publish","type":"product","link":"https:\/\/roigk.de\/fr\/support-special-pour-bouee-de-sauvetage-et-perche-de-sauvetage-r771023\/","title":{"rendered":"Support sp\u00e9cial pour bou\u00e9e de sauvetage et perche de sauvetage R771023"},"content":{"rendered":"","protected":false},"excerpt":{"rendered":"<p>Autoportant, compos\u00e9 d&#8217;un support en tube d&#8217;acier inoxydable 40 avec fixation centrale pour bou\u00e9e de sauvetage et support vertical pour cannes de sauvetage.<\/p>\n<p>Hauteur : 900 mm<br \/>Largeur : 1.000 mm<br \/>Mat\u00e9riau : acier inoxydable V4A (1.4571) <br \/>En option avec suppl\u00e9ment : panneau en acier inoxydable &#8220;Ne pas sauter du bord de la piscine&#8221; (600 x 200 mm) fix\u00e9 au centre sup\u00e9rieur du tuyau<\/p>\n","protected":false},"featured_media":10579,"template":"","meta":{"_acf_changed":false},"product_brand":[],"product_cat":[154],"product_tag":[],"class_list":{"0":"post-17012","1":"product","2":"type-product","3":"status-publish","4":"has-post-thumbnail","6":"product_cat-materiel-de-secours-equipements-de-salle-de-premiers-secours-et-signalisation","8":"first","9":"instock","10":"taxable","11":"shipping-taxable","12":"purchasable","13":"product-type-simple"},"acf":[],"_links":{"self":[{"href":"https:\/\/roigk.de\/fr\/wp-json\/wp\/v2\/product\/17012","targetHints":{"allow":["GET"]}}],"collection":[{"href":"https:\/\/roigk.de\/fr\/wp-json\/wp\/v2\/product"}],"about":[{"href":"https:\/\/roigk.de\/fr\/wp-json\/wp\/v2\/types\/product"}],"wp:featuredmedia":[{"embeddable":true,"href":"https:\/\/roigk.de\/fr\/wp-json\/wp\/v2\/media\/10579"}],"wp:attachment":[{"href":"https:\/\/roigk.de\/fr\/wp-json\/wp\/v2\/media?parent=17012"}],"wp:term":[{"taxonomy":"product_brand","embeddable":true,"href":"https:\/\/roigk.de\/fr\/wp-json\/wp\/v2\/product_brand?post=17012"},{"taxonomy":"product_cat","embeddable":true,"href":"https:\/\/roigk.de\/fr\/wp-json\/wp\/v2\/product_cat?post=17012"},{"taxonomy":"product_tag","embeddable":true,"href":"https:\/\/roigk.de\/fr\/wp-json\/wp\/v2\/product_tag?post=17012"}],"curies":[{"name":"wp","href":"https:\/\/api.w.org\/{rel}","templated":true}]}}