{"id":17016,"date":"2020-07-20T14:45:16","date_gmt":"2020-07-20T14:45:16","guid":{"rendered":"http:\/\/roigk.de\/produkt\/support-de-cordon-de-separation-special-r121\/"},"modified":"2026-01-21T08:46:04","modified_gmt":"2026-01-21T08:46:04","slug":"support-de-cordon-de-separation-special-r121","status":"publish","type":"product","link":"https:\/\/roigk.de\/fr\/support-de-cordon-de-separation-special-r121\/","title":{"rendered":"Support de cordon de s\u00e9paration sp\u00e9cial R121"},"content":{"rendered":"","protected":false},"excerpt":{"rendered":"<p>Avec inscription \u00ab nageurs\/non-nageurs \u00bb des deux c\u00f4t\u00e9s, \u00e0 sceller dans le sol.<br \/>Mat\u00e9riau : acier inoxydable V4A (1.4571) K400 poli<br \/>Norme : DIN 7939<\/p>\n","protected":false},"featured_media":10599,"template":"","meta":{"_acf_changed":false},"product_brand":[],"product_cat":[158],"product_tag":[],"class_list":{"0":"post-17016","1":"product","2":"type-product","3":"status-publish","4":"has-post-thumbnail","6":"product_cat-lignes-de-nage-lignes-de-separation-et-douilles-de-sol","8":"first","9":"instock","10":"taxable","11":"shipping-taxable","12":"purchasable","13":"product-type-simple"},"acf":[],"_links":{"self":[{"href":"https:\/\/roigk.de\/fr\/wp-json\/wp\/v2\/product\/17016","targetHints":{"allow":["GET"]}}],"collection":[{"href":"https:\/\/roigk.de\/fr\/wp-json\/wp\/v2\/product"}],"about":[{"href":"https:\/\/roigk.de\/fr\/wp-json\/wp\/v2\/types\/product"}],"wp:featuredmedia":[{"embeddable":true,"href":"https:\/\/roigk.de\/fr\/wp-json\/wp\/v2\/media\/10599"}],"wp:attachment":[{"href":"https:\/\/roigk.de\/fr\/wp-json\/wp\/v2\/media?parent=17016"}],"wp:term":[{"taxonomy":"product_brand","embeddable":true,"href":"https:\/\/roigk.de\/fr\/wp-json\/wp\/v2\/product_brand?post=17016"},{"taxonomy":"product_cat","embeddable":true,"href":"https:\/\/roigk.de\/fr\/wp-json\/wp\/v2\/product_cat?post=17016"},{"taxonomy":"product_tag","embeddable":true,"href":"https:\/\/roigk.de\/fr\/wp-json\/wp\/v2\/product_tag?post=17016"}],"curies":[{"name":"wp","href":"https:\/\/api.w.org\/{rel}","templated":true}]}}