{"id":17018,"date":"2020-07-20T14:25:41","date_gmt":"2021-01-19T22:55:19","guid":{"rendered":"http:\/\/roigk.de\/produkt\/vestiaire-spiral\/"},"modified":"2023-04-23T15:32:50","modified_gmt":"2023-04-23T15:32:50","slug":"vestiaire-spiral","status":"publish","type":"product","link":"https:\/\/roigk.de\/fr\/vestiaire-spiral\/","title":{"rendered":"Vestiaire Spiral"},"content":{"rendered":"","protected":false},"excerpt":{"rendered":"<p>Surtout dans les grandes piscines ext\u00e9rieures, vos visiteurs seront heureux de pouvoir se changer rapidement sans avoir \u00e0 se rendre au vestiaire principal. Le vestiaire est extra large et donc sans obstacle et adapt\u00e9 aux utilisateurs de fauteuils roulants. Gr\u00e2ce au si\u00e8ge int\u00e9gr\u00e9, il est facile de se changer, et gr\u00e2ce \u00e0 la forme en spirale ainsi qu&#8217;\u00e0 l&#8217;espace visible pour les pieds, un rideau n&#8217;est pas n\u00e9cessaire<span>. Les supports en acier inoxydable sont munis de brides pour l&#8217;ancrage au sol.<\/span><span>&nbsp;<\/span>Ouvert en haut : La chaleur s&#8217;\u00e9vacue et le soleil y tappe.<\/p>\n<p>Dimensions (l\/l\/h) : 2 000 x 1 700 x 2 300 mm<br \/>Couleur : rouge RAL 2002 ou couleur sp\u00e9ciale<br \/>Mat\u00e9riau : plastique renforc\u00e9 de fibres de verre (GfK) et acier inoxydable V4A (1.4571)<\/p>\n","protected":false},"featured_media":8984,"template":"","meta":{"_acf_changed":false},"product_brand":[],"product_cat":[163],"product_tag":[],"class_list":{"0":"post-17018","1":"product","2":"type-product","3":"status-publish","4":"has-post-thumbnail","6":"product_cat-douches-verticales-et-equipement-de-piscine-exterieure-fr","8":"first","9":"instock","10":"taxable","11":"shipping-taxable","12":"purchasable","13":"product-type-simple"},"acf":[],"_links":{"self":[{"href":"https:\/\/roigk.de\/fr\/wp-json\/wp\/v2\/product\/17018","targetHints":{"allow":["GET"]}}],"collection":[{"href":"https:\/\/roigk.de\/fr\/wp-json\/wp\/v2\/product"}],"about":[{"href":"https:\/\/roigk.de\/fr\/wp-json\/wp\/v2\/types\/product"}],"wp:featuredmedia":[{"embeddable":true,"href":"https:\/\/roigk.de\/fr\/wp-json\/wp\/v2\/media\/8984"}],"wp:attachment":[{"href":"https:\/\/roigk.de\/fr\/wp-json\/wp\/v2\/media?parent=17018"}],"wp:term":[{"taxonomy":"product_brand","embeddable":true,"href":"https:\/\/roigk.de\/fr\/wp-json\/wp\/v2\/product_brand?post=17018"},{"taxonomy":"product_cat","embeddable":true,"href":"https:\/\/roigk.de\/fr\/wp-json\/wp\/v2\/product_cat?post=17018"},{"taxonomy":"product_tag","embeddable":true,"href":"https:\/\/roigk.de\/fr\/wp-json\/wp\/v2\/product_tag?post=17018"}],"curies":[{"name":"wp","href":"https:\/\/api.w.org\/{rel}","templated":true}]}}