{"id":17020,"date":"2020-07-20T14:32:51","date_gmt":"2020-07-20T14:32:51","guid":{"rendered":"http:\/\/roigk.de\/produkt\/riff-bosse-du-dragon-marin-arc-de-pulverisation-avec-effet-laser-ps0078-70\/"},"modified":"2026-01-21T08:46:18","modified_gmt":"2026-01-21T08:46:18","slug":"riff-bosse-du-dragon-marin-arc-de-pulverisation-avec-effet-laser-ps0078-70","status":"publish","type":"product","link":"https:\/\/roigk.de\/fr\/riff-bosse-du-dragon-marin-arc-de-pulverisation-avec-effet-laser-ps0078-70\/","title":{"rendered":"RIFF Dragon crini\u00e8re effet laser PS0078-70"},"content":{"rendered":"","protected":false},"excerpt":{"rendered":"<p>Cet arc de pulv\u00e9risation est d&#8217;une grande beaut\u00e9 ! Qui ose passer sous les jets d&#8217;eau qui bloquent l&#8217;arc comme des lasers ? Un jeu de course et de sensations avec six jets d&#8217;eau individuels.&nbsp;<\/p>\n<p>Hauteur : 2 650 mm<br \/>D\u00e9bit d&#8217;eau : 15 \u00e0 24 l\/min<br \/>Pression de l&#8217;eau : 0,4 \u00e0 0,6 bar<br \/>Groupe cible : les enfants<br \/>Positionnement : aire de jeux d&#8217;eau ou piscine pour enfants (WT max. recommand\u00e9 = 200 mm)<br \/>Mat\u00e9riau : acier inoxydable V4A (1.4571), verre color\u00e9<\/p>\n","protected":false},"featured_media":29177,"template":"","meta":{"_acf_changed":false},"product_brand":[],"product_cat":[177],"product_tag":[],"class_list":{"0":"post-17020","1":"product","2":"type-product","3":"status-publish","4":"has-post-thumbnail","6":"product_cat-riff-zoo-fr","8":"first","9":"instock","10":"taxable","11":"shipping-taxable","12":"purchasable","13":"product-type-simple"},"acf":[],"_links":{"self":[{"href":"https:\/\/roigk.de\/fr\/wp-json\/wp\/v2\/product\/17020","targetHints":{"allow":["GET"]}}],"collection":[{"href":"https:\/\/roigk.de\/fr\/wp-json\/wp\/v2\/product"}],"about":[{"href":"https:\/\/roigk.de\/fr\/wp-json\/wp\/v2\/types\/product"}],"wp:featuredmedia":[{"embeddable":true,"href":"https:\/\/roigk.de\/fr\/wp-json\/wp\/v2\/media\/29177"}],"wp:attachment":[{"href":"https:\/\/roigk.de\/fr\/wp-json\/wp\/v2\/media?parent=17020"}],"wp:term":[{"taxonomy":"product_brand","embeddable":true,"href":"https:\/\/roigk.de\/fr\/wp-json\/wp\/v2\/product_brand?post=17020"},{"taxonomy":"product_cat","embeddable":true,"href":"https:\/\/roigk.de\/fr\/wp-json\/wp\/v2\/product_cat?post=17020"},{"taxonomy":"product_tag","embeddable":true,"href":"https:\/\/roigk.de\/fr\/wp-json\/wp\/v2\/product_tag?post=17020"}],"curies":[{"name":"wp","href":"https:\/\/api.w.org\/{rel}","templated":true}]}}