{"id":17022,"date":"2020-07-20T14:43:22","date_gmt":"2020-07-20T14:43:22","guid":{"rendered":"http:\/\/roigk.de\/produkt\/riff-bosse-de-dragon-deau-arc-de-pulverisation-ps0078-20\/"},"modified":"2026-01-21T08:46:23","modified_gmt":"2026-01-21T08:46:23","slug":"riff-bosse-de-dragon-deau-arc-de-pulverisation-ps0078-20","status":"publish","type":"product","link":"https:\/\/roigk.de\/fr\/riff-bosse-de-dragon-deau-arc-de-pulverisation-ps0078-20\/","title":{"rendered":"Dragon crini\u00e8re effet brouillard PS0078-20"},"content":{"rendered":"","protected":false},"excerpt":{"rendered":"<p>Qui n&#8217;a pas envie de se rafra\u00eechir en plein \u00e9t\u00e9 sans se mouiller compl\u00e8tement ? Un jeu de course et de sensations avec une douce brume d&#8217;eau.<\/p>\n<p>Hauteur : 2 650 mm<br \/>D\u00e9bit d&#8217;eau : 11 \u00e0 13 l\/min<br \/>Pression de l&#8217;eau : 1 \u00e0 1,5 bar<br \/>Groupe cible : les enfants<br \/>Positionnement : Aires de jeux d&#8217;eau (WT max. = 200 mm)<br \/>Mat\u00e9riau : acier inoxydable V4A (1.4571), verre color\u00e9<\/p>\n","protected":false},"featured_media":29180,"template":"","meta":{"_acf_changed":false},"product_brand":[],"product_cat":[177],"product_tag":[],"class_list":{"0":"post-17022","1":"product","2":"type-product","3":"status-publish","4":"has-post-thumbnail","6":"product_cat-riff-zoo-fr","8":"first","9":"instock","10":"taxable","11":"shipping-taxable","12":"purchasable","13":"product-type-simple"},"acf":[],"_links":{"self":[{"href":"https:\/\/roigk.de\/fr\/wp-json\/wp\/v2\/product\/17022","targetHints":{"allow":["GET"]}}],"collection":[{"href":"https:\/\/roigk.de\/fr\/wp-json\/wp\/v2\/product"}],"about":[{"href":"https:\/\/roigk.de\/fr\/wp-json\/wp\/v2\/types\/product"}],"wp:featuredmedia":[{"embeddable":true,"href":"https:\/\/roigk.de\/fr\/wp-json\/wp\/v2\/media\/29180"}],"wp:attachment":[{"href":"https:\/\/roigk.de\/fr\/wp-json\/wp\/v2\/media?parent=17022"}],"wp:term":[{"taxonomy":"product_brand","embeddable":true,"href":"https:\/\/roigk.de\/fr\/wp-json\/wp\/v2\/product_brand?post=17022"},{"taxonomy":"product_cat","embeddable":true,"href":"https:\/\/roigk.de\/fr\/wp-json\/wp\/v2\/product_cat?post=17022"},{"taxonomy":"product_tag","embeddable":true,"href":"https:\/\/roigk.de\/fr\/wp-json\/wp\/v2\/product_tag?post=17022"}],"curies":[{"name":"wp","href":"https:\/\/api.w.org\/{rel}","templated":true}]}}