{"id":17024,"date":"2020-07-20T15:14:30","date_gmt":"2020-07-20T15:14:30","guid":{"rendered":"http:\/\/roigk.de\/produkt\/z-support-arriere-r31\/"},"modified":"2026-01-21T08:46:30","modified_gmt":"2026-01-21T08:46:30","slug":"z-support-arriere-r31","status":"publish","type":"product","link":"https:\/\/roigk.de\/fr\/z-support-arriere-r31\/","title":{"rendered":"Z# Support arri\u00e8re R31"},"content":{"rendered":"","protected":false},"excerpt":{"rendered":"<p>Le palier d&#8217;extr\u00e9mit\u00e9 tr\u00e8s solide en mat\u00e9riau massif carr\u00e9 de 40 mm est mont\u00e9 en plastique avec un faible niveau sonore.<\/p>\n<p>Distance du trou de forage montage au sol : 150 x 600 mm<br \/>Distance entre les trous de per\u00e7age pour les vis \u00e0 panneaux : 120 + 120 + 120 mm<br \/>Mat\u00e9riau : acier inoxydable V4A (1.4571) rev\u00eatu de poudre pour une meilleure r\u00e9sistance \u00e0 la corrosion<\/p>\n","protected":false},"featured_media":11549,"template":"","meta":{"_acf_changed":false},"product_brand":[],"product_cat":[161],"product_tag":[],"class_list":{"0":"post-17024","1":"product","2":"type-product","3":"status-publish","4":"has-post-thumbnail","6":"product_cat-plongeoirs","8":"first","9":"instock","10":"taxable","11":"shipping-taxable","12":"purchasable","13":"product-type-simple"},"acf":[],"_links":{"self":[{"href":"https:\/\/roigk.de\/fr\/wp-json\/wp\/v2\/product\/17024","targetHints":{"allow":["GET"]}}],"collection":[{"href":"https:\/\/roigk.de\/fr\/wp-json\/wp\/v2\/product"}],"about":[{"href":"https:\/\/roigk.de\/fr\/wp-json\/wp\/v2\/types\/product"}],"wp:featuredmedia":[{"embeddable":true,"href":"https:\/\/roigk.de\/fr\/wp-json\/wp\/v2\/media\/11549"}],"wp:attachment":[{"href":"https:\/\/roigk.de\/fr\/wp-json\/wp\/v2\/media?parent=17024"}],"wp:term":[{"taxonomy":"product_brand","embeddable":true,"href":"https:\/\/roigk.de\/fr\/wp-json\/wp\/v2\/product_brand?post=17024"},{"taxonomy":"product_cat","embeddable":true,"href":"https:\/\/roigk.de\/fr\/wp-json\/wp\/v2\/product_cat?post=17024"},{"taxonomy":"product_tag","embeddable":true,"href":"https:\/\/roigk.de\/fr\/wp-json\/wp\/v2\/product_tag?post=17024"}],"curies":[{"name":"wp","href":"https:\/\/api.w.org\/{rel}","templated":true}]}}