{"id":17026,"date":"2020-07-20T15:16:57","date_gmt":"2020-07-20T15:16:57","guid":{"rendered":"http:\/\/roigk.de\/produkt\/z-roigk-rouleau-fixe-r771253-pour-les-installations-de-plongeoirs\/"},"modified":"2026-01-21T08:46:35","modified_gmt":"2026-01-21T08:46:35","slug":"z-roigk-rouleau-fixe-r771253-pour-les-installations-de-plongeoirs","status":"publish","type":"product","link":"https:\/\/roigk.de\/fr\/z-roigk-rouleau-fixe-r771253-pour-les-installations-de-plongeoirs\/","title":{"rendered":"Z# ROIGK Rouleau fixe R771253 (pour les installations de plongeoirs)"},"content":{"rendered":"","protected":false},"excerpt":{"rendered":"<p>Semblable au r\u00e9glage des rouleaux, mais sans possibilit\u00e9 de r\u00e9glage.&nbsp;<\/p>\n<p>Mat\u00e9riau : acier inoxydable V4A (1.4571), rev\u00eatement par poudre RAL 7015 pour une meilleure r\u00e9sistance \u00e0 la corrosion<\/p>\n","protected":false},"featured_media":11586,"template":"","meta":{"_acf_changed":false},"product_brand":[],"product_cat":[161],"product_tag":[],"class_list":{"0":"post-17026","1":"product","2":"type-product","3":"status-publish","4":"has-post-thumbnail","6":"product_cat-plongeoirs","8":"first","9":"instock","10":"taxable","11":"shipping-taxable","12":"purchasable","13":"product-type-simple"},"acf":[],"_links":{"self":[{"href":"https:\/\/roigk.de\/fr\/wp-json\/wp\/v2\/product\/17026","targetHints":{"allow":["GET"]}}],"collection":[{"href":"https:\/\/roigk.de\/fr\/wp-json\/wp\/v2\/product"}],"about":[{"href":"https:\/\/roigk.de\/fr\/wp-json\/wp\/v2\/types\/product"}],"wp:featuredmedia":[{"embeddable":true,"href":"https:\/\/roigk.de\/fr\/wp-json\/wp\/v2\/media\/11586"}],"wp:attachment":[{"href":"https:\/\/roigk.de\/fr\/wp-json\/wp\/v2\/media?parent=17026"}],"wp:term":[{"taxonomy":"product_brand","embeddable":true,"href":"https:\/\/roigk.de\/fr\/wp-json\/wp\/v2\/product_brand?post=17026"},{"taxonomy":"product_cat","embeddable":true,"href":"https:\/\/roigk.de\/fr\/wp-json\/wp\/v2\/product_cat?post=17026"},{"taxonomy":"product_tag","embeddable":true,"href":"https:\/\/roigk.de\/fr\/wp-json\/wp\/v2\/product_tag?post=17026"}],"curies":[{"name":"wp","href":"https:\/\/api.w.org\/{rel}","templated":true}]}}