{"id":17028,"date":"2020-07-20T15:17:02","date_gmt":"2020-07-20T15:17:02","guid":{"rendered":"http:\/\/roigk.de\/produkt\/z-roigk-support-a-rouleau-reglable-r771252\/"},"modified":"2026-01-21T08:46:42","modified_gmt":"2026-01-21T08:46:42","slug":"z-roigk-support-a-rouleau-reglable-r771252","status":"publish","type":"product","link":"https:\/\/roigk.de\/fr\/z-roigk-support-a-rouleau-reglable-r771252\/","title":{"rendered":"Z# ROIGK Support \u00e0 rouleau r\u00e9glable R771252"},"content":{"rendered":"","protected":false},"excerpt":{"rendered":"<p>Le support \u00e0 rouleau r\u00e9glable permet au plongeur de r\u00e9gler simplement la planche plus ou moins dure selon son choix. En fonctionnement public, le rouleau peut \u00eatre fix\u00e9 par un frein de stationnement. Le rouleau enti\u00e8rement caoutchout\u00e9 est doux pour la planche et l&#8217;\u00e9quipement. Le r\u00e9glage se fait au moyen d&#8217;une bande dent\u00e9e.<\/p>\n<p>Distance du trou de per\u00e7age montage au sol : 600 x 600 mm<br \/>Mat\u00e9riau : acier inoxydable V4A (1.4571) rev\u00eatu de poudre pour une meilleure r\u00e9sistance \u00e0 la corrosion<\/p>\n","protected":false},"featured_media":11591,"template":"","meta":{"_acf_changed":false},"product_brand":[],"product_cat":[161],"product_tag":[],"class_list":{"0":"post-17028","1":"product","2":"type-product","3":"status-publish","4":"has-post-thumbnail","6":"product_cat-plongeoirs","8":"first","9":"instock","10":"taxable","11":"shipping-taxable","12":"purchasable","13":"product-type-simple"},"acf":[],"_links":{"self":[{"href":"https:\/\/roigk.de\/fr\/wp-json\/wp\/v2\/product\/17028","targetHints":{"allow":["GET"]}}],"collection":[{"href":"https:\/\/roigk.de\/fr\/wp-json\/wp\/v2\/product"}],"about":[{"href":"https:\/\/roigk.de\/fr\/wp-json\/wp\/v2\/types\/product"}],"wp:featuredmedia":[{"embeddable":true,"href":"https:\/\/roigk.de\/fr\/wp-json\/wp\/v2\/media\/11591"}],"wp:attachment":[{"href":"https:\/\/roigk.de\/fr\/wp-json\/wp\/v2\/media?parent=17028"}],"wp:term":[{"taxonomy":"product_brand","embeddable":true,"href":"https:\/\/roigk.de\/fr\/wp-json\/wp\/v2\/product_brand?post=17028"},{"taxonomy":"product_cat","embeddable":true,"href":"https:\/\/roigk.de\/fr\/wp-json\/wp\/v2\/product_cat?post=17028"},{"taxonomy":"product_tag","embeddable":true,"href":"https:\/\/roigk.de\/fr\/wp-json\/wp\/v2\/product_tag?post=17028"}],"curies":[{"name":"wp","href":"https:\/\/api.w.org\/{rel}","templated":true}]}}