{"id":17030,"date":"2020-07-20T14:51:28","date_gmt":"2020-07-20T14:51:28","guid":{"rendered":"http:\/\/roigk.de\/produkt\/douche-autonome-r43-avec-pomme-de-douche-economeur-deau\/"},"modified":"2026-01-21T08:46:52","modified_gmt":"2026-01-21T08:46:52","slug":"douche-autonome-r43-avec-pomme-de-douche-economeur-deau","status":"publish","type":"product","link":"https:\/\/roigk.de\/fr\/douche-autonome-r43-avec-pomme-de-douche-economeur-deau\/","title":{"rendered":"Douche autonome R43 &#8211; avec pomme de douche \u00e9conomeur d&rsquo;eau"},"content":{"rendered":"","protected":false},"excerpt":{"rendered":"<p>La douche sur pied R43 allie depuis plus de 40 ans qualit\u00e9 \u00e9prouv\u00e9e et design intemporel pour les piscines ext\u00e9rieures. Avec la pomme de douche \u00e9conomique en eau innovante lanc\u00e9e en 2015, la R43 offre un jet de pluie rafra\u00eechissant \u00e0 grosses gouttes et un effet de nettoyage intense tout en consommant moins d&rsquo;eau. M\u00eame avec un d\u00e9bit d&rsquo;eau de seulement 5,5 \u00e0 7,5 l\/min, il nettoie confortablement m\u00eame les cheveux longs.<\/p>\n<p>La douche s\u00e9duit par sa colonne de support robuste, sa surface de haute qualit\u00e9, mat-brillante, r\u00e9sistante aux empreintes digitales, ainsi que par sa protection contre la corrosion et le vandalisme. Le raccord brevet\u00e9 int\u00e9gr\u00e9 permet une installation facile sans volet de montage visible. La R43 est fabriqu\u00e9e en tube d&rsquo;acier inoxydable 114 r\u00e9sistant et dispose d&rsquo;une soupape de temps r\u00e9glable avec pr\u00e9cision et d&rsquo;un robinet ventil\u00e9 pour raccordement de tuyau avec t\u00eate \u00e0 cl\u00e9 enfichable.<\/p>\n<p>Hauteur : 2 430 mm<br \/>Hauteur de sortie d&rsquo;eau : 2 250 mm<br \/>D\u00e9bit d&rsquo;eau : 5 \u00e0 10 l\/min<br \/>Pression : env. 1 \u2013 4 bar<br \/>Mat\u00e9riau : Acier inoxydable V4A (1.4571)<\/p>\n","protected":false},"featured_media":28668,"template":"","meta":{"_acf_changed":false},"product_brand":[],"product_cat":[163],"product_tag":[],"class_list":{"0":"post-17030","1":"product","2":"type-product","3":"status-publish","4":"has-post-thumbnail","6":"product_cat-douches-verticales-et-equipement-de-piscine-exterieure-fr","8":"first","9":"instock","10":"taxable","11":"shipping-taxable","12":"purchasable","13":"product-type-simple"},"acf":[],"_links":{"self":[{"href":"https:\/\/roigk.de\/fr\/wp-json\/wp\/v2\/product\/17030","targetHints":{"allow":["GET"]}}],"collection":[{"href":"https:\/\/roigk.de\/fr\/wp-json\/wp\/v2\/product"}],"about":[{"href":"https:\/\/roigk.de\/fr\/wp-json\/wp\/v2\/types\/product"}],"wp:featuredmedia":[{"embeddable":true,"href":"https:\/\/roigk.de\/fr\/wp-json\/wp\/v2\/media\/28668"}],"wp:attachment":[{"href":"https:\/\/roigk.de\/fr\/wp-json\/wp\/v2\/media?parent=17030"}],"wp:term":[{"taxonomy":"product_brand","embeddable":true,"href":"https:\/\/roigk.de\/fr\/wp-json\/wp\/v2\/product_brand?post=17030"},{"taxonomy":"product_cat","embeddable":true,"href":"https:\/\/roigk.de\/fr\/wp-json\/wp\/v2\/product_cat?post=17030"},{"taxonomy":"product_tag","embeddable":true,"href":"https:\/\/roigk.de\/fr\/wp-json\/wp\/v2\/product_tag?post=17030"}],"curies":[{"name":"wp","href":"https:\/\/api.w.org\/{rel}","templated":true}]}}