{"id":17032,"date":"2020-07-20T14:51:22","date_gmt":"2020-07-20T14:51:22","guid":{"rendered":"http:\/\/roigk.de\/produkt\/produkt\/"},"modified":"2026-01-21T08:47:01","modified_gmt":"2026-01-21T08:47:01","slug":"produkt","status":"publish","type":"product","link":"https:\/\/roigk.de\/fr\/produkt\/","title":{"rendered":"Douche sur pied R43K &#8211; avec pommeau de douche \u00e0 \u00e9conomie d&rsquo;eau"},"content":{"rendered":"","protected":false},"excerpt":{"rendered":"<p>Comme le R43, mais en version courte avec une hauteur totale de 1 300 mm. Surtout pour le positionnement sur un socle.<\/p>\n<p>\u00c0 partir de 2015, nous \u00e9quiperons la douche d&#8217;un nouveau type de pomme de douche \u00e0 \u00e9conomie d&#8217;eau qui, malgr\u00e9 des \u00e9conomies consid\u00e9rables, produit un jet de pluie picotant \u00e0 grosses gouttes avec un effet de nettoyage intensif. \u00c0 partir d&#8217;un d\u00e9bit d&#8217;eau de 7,5 l\/min, m\u00eame les cheveux longs sont compl\u00e8tement d\u00e9barrass\u00e9s du shampoing sans compromettre le confort. Gr\u00e2ce \u00e0 sa surface de haute qualit\u00e9 et \u00e0 son support solide, il offre une protection extr\u00eame contre la rouille et le vandalisme. Le raccord enfichable int\u00e9gr\u00e9 brevet\u00e9 garantit une installation facile et il n&#8217;est pas n\u00e9cessaire de pr\u00e9voir un volet d&#8217;installation \u00e0 l&#8217;aspect inesth\u00e9tique. La douche se compose d&#8217;un tube en acier inoxydable 114 \u00e0 paroi \u00e9paisse, avec un robinet de temporisation finement r\u00e9gl\u00e9 et un robinet ventil\u00e9 pour le raccordement du tuyau, avec une cl\u00e9 \u00e0 douille.&nbsp;<\/p>\n<p>Hauteur : 1 300 mm (hauteurs sp\u00e9ciales possibles)<br \/>D\u00e9bit d&#8217;eau : 5 \u00e0 10 l\/min<br \/>Pression : environ 1 &#8211; 4 bar<br \/>Mat\u00e9riau : acier inoxydable V4A (1.4571)&nbsp;<\/p>\n","protected":false},"featured_media":11072,"template":"","meta":{"_acf_changed":false},"product_brand":[],"product_cat":[163],"product_tag":[],"class_list":{"0":"post-17032","1":"product","2":"type-product","3":"status-publish","4":"has-post-thumbnail","6":"product_cat-douches-verticales-et-equipement-de-piscine-exterieure-fr","8":"first","9":"instock","10":"taxable","11":"shipping-taxable","12":"purchasable","13":"product-type-simple"},"acf":[],"_links":{"self":[{"href":"https:\/\/roigk.de\/fr\/wp-json\/wp\/v2\/product\/17032","targetHints":{"allow":["GET"]}}],"collection":[{"href":"https:\/\/roigk.de\/fr\/wp-json\/wp\/v2\/product"}],"about":[{"href":"https:\/\/roigk.de\/fr\/wp-json\/wp\/v2\/types\/product"}],"wp:featuredmedia":[{"embeddable":true,"href":"https:\/\/roigk.de\/fr\/wp-json\/wp\/v2\/media\/11072"}],"wp:attachment":[{"href":"https:\/\/roigk.de\/fr\/wp-json\/wp\/v2\/media?parent=17032"}],"wp:term":[{"taxonomy":"product_brand","embeddable":true,"href":"https:\/\/roigk.de\/fr\/wp-json\/wp\/v2\/product_brand?post=17032"},{"taxonomy":"product_cat","embeddable":true,"href":"https:\/\/roigk.de\/fr\/wp-json\/wp\/v2\/product_cat?post=17032"},{"taxonomy":"product_tag","embeddable":true,"href":"https:\/\/roigk.de\/fr\/wp-json\/wp\/v2\/product_tag?post=17032"}],"curies":[{"name":"wp","href":"https:\/\/api.w.org\/{rel}","templated":true}]}}