{"id":17034,"date":"2020-07-20T14:51:36","date_gmt":"2020-07-20T14:51:36","guid":{"rendered":"http:\/\/roigk.de\/produkt\/douche-autonome-r43p-avec-bouton-poussoir-piezoelectrique-chasse-automatique-et-pomme-de-douche-a-economie-deau\/"},"modified":"2026-01-21T08:47:09","modified_gmt":"2026-01-21T08:47:09","slug":"douche-autonome-r43p-avec-bouton-poussoir-piezoelectrique-chasse-automatique-et-pomme-de-douche-a-economie-deau","status":"publish","type":"product","link":"https:\/\/roigk.de\/fr\/douche-autonome-r43p-avec-bouton-poussoir-piezoelectrique-chasse-automatique-et-pomme-de-douche-a-economie-deau\/","title":{"rendered":"Douche sur pied R43P &#8211; Am\u00e9lioration intelligente et efficace avec des fonctionnalit\u00e9s programmables"},"content":{"rendered":"","protected":false},"excerpt":{"rendered":"<p>La douche sur pied R43P est une \u00e9volution innovante de la R43 \u00e9prouv\u00e9e, \u00e9quip\u00e9e d&rsquo;un bouton-poussoir pi\u00e9zo programmable, d&rsquo;une chasse d&rsquo;eau hygi\u00e9nique automatique et d&rsquo;une fonction de d\u00e9marrage-arr\u00eat pour des \u00e9conomies d&rsquo;eau suppl\u00e9mentaires. Le temps d&rsquo;\u00e9coulement peut \u00eatre facilement programm\u00e9, et la chasse d&rsquo;eau hygi\u00e9nique offre \u00e9galement des r\u00e9glages personnalisables de dur\u00e9e de fonctionnement et de cycle de rin\u00e7age.<\/p>\n<p>L&rsquo;alimentation \u00e9lectrique est assur\u00e9e par une batterie hybride longue dur\u00e9e, pouvant durer jusqu&rsquo;\u00e0 10 ans en fonction de la fr\u00e9quence d&rsquo;utilisation. Comme avec la R43, la pomme de douche \u00e9conomique en eau offre un jet de pluie rafra\u00eechissant, tandis que la surface de haute qualit\u00e9, mate et brillante, r\u00e9siste aux empreintes digitales. Le couplage brevet\u00e9 int\u00e9gr\u00e9 permet un montage esth\u00e9tique sans volet de montage visible. La R43P est fabriqu\u00e9e en tube d&rsquo;acier inoxydable robuste de 114 mm.<\/p>\n<p>Hauteur : 2 430 mm<br \/>Hauteur de sortie d&rsquo;eau : 2 250 mm<br \/>D\u00e9bit d&rsquo;eau : 5 \u00e0 10 l\/min<br \/>Pression : environ 1 \u00e0 4 bar<br \/>Fonctionnement : Bouton-poussoir pi\u00e9zo programmable avec fonction de d\u00e9marrage-arr\u00eat<br \/>Plage de temp\u00e9rature : 5 \u00e0 70 \u00b0C (bri\u00e8vement 80 \u00b0C pour la d\u00e9sinfection thermique)<br \/>Alimentation \u00e9lectrique : Batterie hybride (dur\u00e9e de vie jusqu&rsquo;\u00e0 10 ans, selon la fr\u00e9quence d&rsquo;utilisation)<br \/>Mat\u00e9riau : Acier inoxydable V4A (1.4571)<\/p>\n","protected":false},"featured_media":11096,"template":"","meta":{"_acf_changed":false},"product_brand":[],"product_cat":[163],"product_tag":[],"class_list":{"0":"post-17034","1":"product","2":"type-product","3":"status-publish","4":"has-post-thumbnail","6":"product_cat-douches-verticales-et-equipement-de-piscine-exterieure-fr","8":"first","9":"instock","10":"taxable","11":"shipping-taxable","12":"purchasable","13":"product-type-simple"},"acf":[],"_links":{"self":[{"href":"https:\/\/roigk.de\/fr\/wp-json\/wp\/v2\/product\/17034","targetHints":{"allow":["GET"]}}],"collection":[{"href":"https:\/\/roigk.de\/fr\/wp-json\/wp\/v2\/product"}],"about":[{"href":"https:\/\/roigk.de\/fr\/wp-json\/wp\/v2\/types\/product"}],"wp:featuredmedia":[{"embeddable":true,"href":"https:\/\/roigk.de\/fr\/wp-json\/wp\/v2\/media\/11096"}],"wp:attachment":[{"href":"https:\/\/roigk.de\/fr\/wp-json\/wp\/v2\/media?parent=17034"}],"wp:term":[{"taxonomy":"product_brand","embeddable":true,"href":"https:\/\/roigk.de\/fr\/wp-json\/wp\/v2\/product_brand?post=17034"},{"taxonomy":"product_cat","embeddable":true,"href":"https:\/\/roigk.de\/fr\/wp-json\/wp\/v2\/product_cat?post=17034"},{"taxonomy":"product_tag","embeddable":true,"href":"https:\/\/roigk.de\/fr\/wp-json\/wp\/v2\/product_tag?post=17034"}],"curies":[{"name":"wp","href":"https:\/\/api.w.org\/{rel}","templated":true}]}}