{"id":17042,"date":"2020-07-20T14:32:02","date_gmt":"2020-07-20T14:32:02","guid":{"rendered":"http:\/\/roigk.de\/produkt\/fina-plot-de-depart-r1680wk\/"},"modified":"2026-01-21T08:47:34","modified_gmt":"2026-01-21T08:47:34","slug":"fina-plot-de-depart-r1680wk","status":"publish","type":"product","link":"https:\/\/roigk.de\/fr\/fina-plot-de-depart-r1680wk\/","title":{"rendered":"FINA Plot de d\u00e9part R1680WK"},"content":{"rendered":"","protected":false},"excerpt":{"rendered":"<p>Identique au R1680W, mais avec une cale de saut fixe et une marche lat\u00e9rale.<\/p>\n<p>Dimensions : plateforme de d\u00e9part avec cale 500 x 690 mm (cale de d\u00e9part environ 500 x 250 mm), marche lat\u00e9rale interm\u00e9diaire environ 500 x 300 mm<br \/>Client<span>\u00e8le&nbsp;<\/span>cible : comp\u00e9titions de haut niveau de natation et entra\u00eenements<br \/>Positionnement : goutti\u00e8res en tuiles ou en feuilles d&#8217;aluminium sur\u00e9lev\u00e9es, par exemple goutti\u00e8re finlandaise<\/p>\n","protected":false},"featured_media":9475,"template":"","meta":{"_acf_changed":false},"product_brand":[],"product_cat":[165],"product_tag":[],"class_list":{"0":"post-17042","1":"product","2":"type-product","3":"status-publish","4":"has-post-thumbnail","6":"product_cat-plot-de-depart","8":"first","9":"instock","10":"taxable","11":"shipping-taxable","12":"purchasable","13":"product-type-simple"},"acf":[],"_links":{"self":[{"href":"https:\/\/roigk.de\/fr\/wp-json\/wp\/v2\/product\/17042","targetHints":{"allow":["GET"]}}],"collection":[{"href":"https:\/\/roigk.de\/fr\/wp-json\/wp\/v2\/product"}],"about":[{"href":"https:\/\/roigk.de\/fr\/wp-json\/wp\/v2\/types\/product"}],"wp:featuredmedia":[{"embeddable":true,"href":"https:\/\/roigk.de\/fr\/wp-json\/wp\/v2\/media\/9475"}],"wp:attachment":[{"href":"https:\/\/roigk.de\/fr\/wp-json\/wp\/v2\/media?parent=17042"}],"wp:term":[{"taxonomy":"product_brand","embeddable":true,"href":"https:\/\/roigk.de\/fr\/wp-json\/wp\/v2\/product_brand?post=17042"},{"taxonomy":"product_cat","embeddable":true,"href":"https:\/\/roigk.de\/fr\/wp-json\/wp\/v2\/product_cat?post=17042"},{"taxonomy":"product_tag","embeddable":true,"href":"https:\/\/roigk.de\/fr\/wp-json\/wp\/v2\/product_tag?post=17042"}],"curies":[{"name":"wp","href":"https:\/\/api.w.org\/{rel}","templated":true}]}}