{"id":17044,"date":"2020-07-20T14:45:21","date_gmt":"2020-07-20T14:45:21","guid":{"rendered":"http:\/\/roigk.de\/produkt\/plot-de-depart-r1686w\/"},"modified":"2026-01-21T08:47:39","modified_gmt":"2026-01-21T08:47:39","slug":"plot-de-depart-r1686w","status":"publish","type":"product","link":"https:\/\/roigk.de\/fr\/plot-de-depart-r1686w\/","title":{"rendered":"Plot de d\u00e9part R1686W"},"content":{"rendered":"","protected":false},"excerpt":{"rendered":"<p>Plot de d\u00e9part&nbsp;<span>orient\u00e9 vers un design&nbsp;<\/span>en t\u00f4le acier inox de haute qualit\u00e9 et avec marches antid\u00e9rapantes (classe de glissement C selon la norme DIN 51097) selon la norme DIN EN 13451-4, les r\u00e8gles de la DSV et de la FINA.<\/p>\n<p>Dimensions (h\/l) : 700 x 500 x 750 mm<br \/>Client<span>\u00e8le&nbsp;<\/span>cible : comp\u00e9titions et entra\u00eenements de natation<br \/>Positionnement : plage de fixation entre 560 et 900 mm du mur de la piscine, par exemple adapt\u00e9 \u00e0 la goutti\u00e8re de Wiesbaden<\/p>\n","protected":false},"featured_media":10604,"template":"","meta":{"_acf_changed":false},"product_brand":[],"product_cat":[165],"product_tag":[],"class_list":{"0":"post-17044","1":"product","2":"type-product","3":"status-publish","4":"has-post-thumbnail","6":"product_cat-plot-de-depart","8":"first","9":"instock","10":"taxable","11":"shipping-taxable","12":"purchasable","13":"product-type-simple"},"acf":[],"_links":{"self":[{"href":"https:\/\/roigk.de\/fr\/wp-json\/wp\/v2\/product\/17044","targetHints":{"allow":["GET"]}}],"collection":[{"href":"https:\/\/roigk.de\/fr\/wp-json\/wp\/v2\/product"}],"about":[{"href":"https:\/\/roigk.de\/fr\/wp-json\/wp\/v2\/types\/product"}],"wp:featuredmedia":[{"embeddable":true,"href":"https:\/\/roigk.de\/fr\/wp-json\/wp\/v2\/media\/10604"}],"wp:attachment":[{"href":"https:\/\/roigk.de\/fr\/wp-json\/wp\/v2\/media?parent=17044"}],"wp:term":[{"taxonomy":"product_brand","embeddable":true,"href":"https:\/\/roigk.de\/fr\/wp-json\/wp\/v2\/product_brand?post=17044"},{"taxonomy":"product_cat","embeddable":true,"href":"https:\/\/roigk.de\/fr\/wp-json\/wp\/v2\/product_cat?post=17044"},{"taxonomy":"product_tag","embeddable":true,"href":"https:\/\/roigk.de\/fr\/wp-json\/wp\/v2\/product_tag?post=17044"}],"curies":[{"name":"wp","href":"https:\/\/api.w.org\/{rel}","templated":true}]}}