{"id":17046,"date":"2020-07-20T14:22:20","date_gmt":"2020-07-20T14:22:20","guid":{"rendered":"http:\/\/roigk.de\/produkt\/e-revetement-du-plot-de-depart-ancienne-version-pour-plot-de-depart-r1690\/"},"modified":"2026-01-21T08:47:44","modified_gmt":"2026-01-21T08:47:44","slug":"e-revetement-du-plot-de-depart-ancienne-version-pour-plot-de-depart-r1690","status":"publish","type":"product","link":"https:\/\/roigk.de\/fr\/e-revetement-du-plot-de-depart-ancienne-version-pour-plot-de-depart-r1690\/","title":{"rendered":"E# Rev\u00eatement du plot de d\u00e9part ancienne version (pour plot de d\u00e9part R1690)"},"content":{"rendered":"","protected":false},"excerpt":{"rendered":"<p><span>Couleur : blanc lat\u00e9ral (RAL 9016) et rev\u00eatement <\/span><span>gris <\/span><span>(RAL 7015)<\/span><br \/><span>Dimensions : 500 x 500 mm<\/span><br \/><span>Mat\u00e9riau : Plastique renforc\u00e9 de fibres de verre (GfK)<\/span><br \/><span>(pour le per\u00e7age des trous de fixation par le client)<\/span><b><\/b><i><\/i><\/p>\n","protected":false},"featured_media":8770,"template":"","meta":{"_acf_changed":false},"product_brand":[],"product_cat":[149],"product_tag":[],"class_list":{"0":"post-17046","1":"product","2":"type-product","3":"status-publish","4":"has-post-thumbnail","6":"product_cat-plot-de-depart-pieces-detachees","8":"first","9":"instock","10":"taxable","11":"shipping-taxable","12":"purchasable","13":"product-type-simple"},"acf":[],"_links":{"self":[{"href":"https:\/\/roigk.de\/fr\/wp-json\/wp\/v2\/product\/17046","targetHints":{"allow":["GET"]}}],"collection":[{"href":"https:\/\/roigk.de\/fr\/wp-json\/wp\/v2\/product"}],"about":[{"href":"https:\/\/roigk.de\/fr\/wp-json\/wp\/v2\/types\/product"}],"wp:featuredmedia":[{"embeddable":true,"href":"https:\/\/roigk.de\/fr\/wp-json\/wp\/v2\/media\/8770"}],"wp:attachment":[{"href":"https:\/\/roigk.de\/fr\/wp-json\/wp\/v2\/media?parent=17046"}],"wp:term":[{"taxonomy":"product_brand","embeddable":true,"href":"https:\/\/roigk.de\/fr\/wp-json\/wp\/v2\/product_brand?post=17046"},{"taxonomy":"product_cat","embeddable":true,"href":"https:\/\/roigk.de\/fr\/wp-json\/wp\/v2\/product_cat?post=17046"},{"taxonomy":"product_tag","embeddable":true,"href":"https:\/\/roigk.de\/fr\/wp-json\/wp\/v2\/product_tag?post=17046"}],"curies":[{"name":"wp","href":"https:\/\/api.w.org\/{rel}","templated":true}]}}